{"id":5166,"date":"2023-11-04T20:02:22","date_gmt":"2023-11-04T20:02:22","guid":{"rendered":"https:\/\/hugopanonacle.fr\/?page_id=5166"},"modified":"2024-02-05T12:05:28","modified_gmt":"2024-02-05T11:05:28","slug":"hugo-panonacle","status":"publish","type":"page","link":"https:\/\/www.hugopanonacle.fr\/en\/hugo-panonacle\/","title":{"rendered":"Hugo Panonacle"},"content":{"rendered":"<div data-elementor-type=\"wp-page\" data-elementor-id=\"5166\" class=\"elementor elementor-5166\">\n\t\t\t\t<div class=\"elementor-element elementor-element-7bc3f1c e-flex e-con-boxed e-con e-parent\" data-id=\"7bc3f1c\" data-element_type=\"container\" data-core-v316-plus=\"true\">\n\t\t\t\t\t<div class=\"e-con-inner\">\n\t\t<div class=\"elementor-element elementor-element-efd8493 e-flex e-con-boxed e-con e-child\" data-id=\"efd8493\" data-element_type=\"container\">\n\t\t\t\t\t<div class=\"e-con-inner\">\n\t\t<div class=\"elementor-element elementor-element-676be10 e-flex e-con-boxed e-con e-child\" data-id=\"676be10\" data-element_type=\"container\">\n\t\t\t\t\t<div class=\"e-con-inner\">\n\t\t<div class=\"elementor-element elementor-element-f6f454f e-flex e-con-boxed e-con e-child\" data-id=\"f6f454f\" data-element_type=\"container\">\n\t\t\t\t\t<div class=\"e-con-inner\">\n\t\t\t\t<div class=\"wolf-core-heading elementor-element elementor-element-312139a elementor-widget elementor-widget-heading\" data-id=\"312139a\" data-element_type=\"widget\" data-widget_type=\"heading.default\">\n\t\t\t\t<div class=\"elementor-widget-container\">\n\t\t\t<style>\/*! elementor - v3.20.0 - 26-03-2024 *\/\n.elementor-heading-title{padding:0;margin:0;line-height:1}.elementor-widget-heading .elementor-heading-title[class*=elementor-size-]>a{color:inherit;font-size:inherit;line-height:inherit}.elementor-widget-heading .elementor-heading-title.elementor-size-small{font-size:15px}.elementor-widget-heading .elementor-heading-title.elementor-size-medium{font-size:19px}.elementor-widget-heading .elementor-heading-title.elementor-size-large{font-size:29px}.elementor-widget-heading .elementor-heading-title.elementor-size-xl{font-size:39px}.elementor-widget-heading .elementor-heading-title.elementor-size-xxl{font-size:59px}<\/style><h1 class=\"elementor-heading-title elementor-size-default\">Hugo Panonacle<\/h1>\t\t<\/div>\n\t\t\t\t<\/div>\n\t\t\t\t<div class=\"wolf-core-heading elementor-element elementor-element-6f20e91 elementor-widget elementor-widget-heading\" data-id=\"6f20e91\" data-element_type=\"widget\" data-widget_type=\"heading.default\">\n\t\t\t\t<div class=\"elementor-widget-container\">\n\t\t\t<h3 class=\"elementor-heading-title elementor-size-default\">Director\n<\/h3>\t\t<\/div>\n\t\t\t\t<\/div>\n\t\t\t\t<div class=\"elementor-element elementor-element-624d410 elementor-widget elementor-widget-spacer\" data-id=\"624d410\" data-element_type=\"widget\" data-widget_type=\"spacer.default\">\n\t\t\t\t<div class=\"elementor-widget-container\">\n\t\t\t<style>\/*! elementor - v3.20.0 - 26-03-2024 *\/\n.elementor-column .elementor-spacer-inner{height:var(--spacer-size)}.e-con{--container-widget-width:100%}.e-con-inner>.elementor-widget-spacer,.e-con>.elementor-widget-spacer{width:var(--container-widget-width,var(--spacer-size));--align-self:var(--container-widget-align-self,initial);--flex-shrink:0}.e-con-inner>.elementor-widget-spacer>.elementor-widget-container,.e-con>.elementor-widget-spacer>.elementor-widget-container{height:100%;width:100%}.e-con-inner>.elementor-widget-spacer>.elementor-widget-container>.elementor-spacer,.e-con>.elementor-widget-spacer>.elementor-widget-container>.elementor-spacer{height:100%}.e-con-inner>.elementor-widget-spacer>.elementor-widget-container>.elementor-spacer>.elementor-spacer-inner,.e-con>.elementor-widget-spacer>.elementor-widget-container>.elementor-spacer>.elementor-spacer-inner{height:var(--container-widget-height,var(--spacer-size))}.e-con-inner>.elementor-widget-spacer.elementor-widget-empty,.e-con>.elementor-widget-spacer.elementor-widget-empty{position:relative;min-height:22px;min-width:22px}.e-con-inner>.elementor-widget-spacer.elementor-widget-empty .elementor-widget-empty-icon,.e-con>.elementor-widget-spacer.elementor-widget-empty .elementor-widget-empty-icon{position:absolute;top:0;bottom:0;left:0;right:0;margin:auto;padding:0;width:22px;height:22px}<\/style>\t\t<div class=\"elementor-spacer\">\n\t\t\t<div class=\"elementor-spacer-inner\"><\/div>\n\t\t<\/div>\n\t\t\t\t<\/div>\n\t\t\t\t<\/div>\n\t\t\t\t<div class=\"wolf-core-heading elementor-element elementor-element-c89ccbf elementor-widget elementor-widget-heading\" data-id=\"c89ccbf\" data-element_type=\"widget\" data-widget_type=\"heading.default\">\n\t\t\t\t<div class=\"elementor-widget-container\">\n\t\t\t<h2 class=\"elementor-heading-title elementor-size-default\">Biography <\/h2>\t\t<\/div>\n\t\t\t\t<\/div>\n\t\t\t\t<div class=\"elementor-element elementor-element-3f1f8c6 elementor-widget-divider--view-line elementor-widget elementor-widget-divider\" data-id=\"3f1f8c6\" data-element_type=\"widget\" data-widget_type=\"divider.default\">\n\t\t\t\t<div class=\"elementor-widget-container\">\n\t\t\t<style>\/*! elementor - v3.20.0 - 26-03-2024 *\/\n.elementor-widget-divider{--divider-border-style:none;--divider-border-width:1px;--divider-color:#0c0d0e;--divider-icon-size:20px;--divider-element-spacing:10px;--divider-pattern-height:24px;--divider-pattern-size:20px;--divider-pattern-url:none;--divider-pattern-repeat:repeat-x}.elementor-widget-divider .elementor-divider{display:flex}.elementor-widget-divider .elementor-divider__text{font-size:15px;line-height:1;max-width:95%}.elementor-widget-divider .elementor-divider__element{margin:0 var(--divider-element-spacing);flex-shrink:0}.elementor-widget-divider .elementor-icon{font-size:var(--divider-icon-size)}.elementor-widget-divider .elementor-divider-separator{display:flex;margin:0;direction:ltr}.elementor-widget-divider--view-line_icon .elementor-divider-separator,.elementor-widget-divider--view-line_text .elementor-divider-separator{align-items:center}.elementor-widget-divider--view-line_icon .elementor-divider-separator:after,.elementor-widget-divider--view-line_icon .elementor-divider-separator:before,.elementor-widget-divider--view-line_text .elementor-divider-separator:after,.elementor-widget-divider--view-line_text .elementor-divider-separator:before{display:block;content:\"\";border-block-end:0;flex-grow:1;border-block-start:var(--divider-border-width) var(--divider-border-style) var(--divider-color)}.elementor-widget-divider--element-align-left .elementor-divider .elementor-divider-separator>.elementor-divider__svg:first-of-type{flex-grow:0;flex-shrink:100}.elementor-widget-divider--element-align-left .elementor-divider-separator:before{content:none}.elementor-widget-divider--element-align-left .elementor-divider__element{margin-left:0}.elementor-widget-divider--element-align-right .elementor-divider .elementor-divider-separator>.elementor-divider__svg:last-of-type{flex-grow:0;flex-shrink:100}.elementor-widget-divider--element-align-right .elementor-divider-separator:after{content:none}.elementor-widget-divider--element-align-right .elementor-divider__element{margin-right:0}.elementor-widget-divider--element-align-start .elementor-divider .elementor-divider-separator>.elementor-divider__svg:first-of-type{flex-grow:0;flex-shrink:100}.elementor-widget-divider--element-align-start .elementor-divider-separator:before{content:none}.elementor-widget-divider--element-align-start .elementor-divider__element{margin-inline-start:0}.elementor-widget-divider--element-align-end .elementor-divider .elementor-divider-separator>.elementor-divider__svg:last-of-type{flex-grow:0;flex-shrink:100}.elementor-widget-divider--element-align-end .elementor-divider-separator:after{content:none}.elementor-widget-divider--element-align-end .elementor-divider__element{margin-inline-end:0}.elementor-widget-divider:not(.elementor-widget-divider--view-line_text):not(.elementor-widget-divider--view-line_icon) .elementor-divider-separator{border-block-start:var(--divider-border-width) var(--divider-border-style) var(--divider-color)}.elementor-widget-divider--separator-type-pattern{--divider-border-style:none}.elementor-widget-divider--separator-type-pattern.elementor-widget-divider--view-line .elementor-divider-separator,.elementor-widget-divider--separator-type-pattern:not(.elementor-widget-divider--view-line) .elementor-divider-separator:after,.elementor-widget-divider--separator-type-pattern:not(.elementor-widget-divider--view-line) .elementor-divider-separator:before,.elementor-widget-divider--separator-type-pattern:not([class*=elementor-widget-divider--view]) .elementor-divider-separator{width:100%;min-height:var(--divider-pattern-height);-webkit-mask-size:var(--divider-pattern-size) 100%;mask-size:var(--divider-pattern-size) 100%;-webkit-mask-repeat:var(--divider-pattern-repeat);mask-repeat:var(--divider-pattern-repeat);background-color:var(--divider-color);-webkit-mask-image:var(--divider-pattern-url);mask-image:var(--divider-pattern-url)}.elementor-widget-divider--no-spacing{--divider-pattern-size:auto}.elementor-widget-divider--bg-round{--divider-pattern-repeat:round}.rtl .elementor-widget-divider .elementor-divider__text{direction:rtl}.e-con-inner>.elementor-widget-divider,.e-con>.elementor-widget-divider{width:var(--container-widget-width,100%);--flex-grow:var(--container-widget-flex-grow)}<\/style>\t\t<div class=\"elementor-divider\">\n\t\t\t<span class=\"elementor-divider-separator\">\n\t\t\t\t\t\t<\/span>\n\t\t<\/div>\n\t\t\t\t<\/div>\n\t\t\t\t<\/div>\n\t\t<div class=\"elementor-element elementor-element-7e17dd1 e-con-full e-flex e-con e-child\" data-id=\"7e17dd1\" data-element_type=\"container\">\n\t\t\t\t<div class=\"elementor-element elementor-element-d5670d2 elementor-widget-divider--view-line elementor-widget elementor-widget-divider\" data-id=\"d5670d2\" data-element_type=\"widget\" data-widget_type=\"divider.default\">\n\t\t\t\t<div class=\"elementor-widget-container\">\n\t\t\t\t\t<div class=\"elementor-divider\">\n\t\t\t<span class=\"elementor-divider-separator\">\n\t\t\t\t\t\t<\/span>\n\t\t<\/div>\n\t\t\t\t<\/div>\n\t\t\t\t<\/div>\n\t\t\t\t<div class=\"elementor-element elementor-element-fff1b8e elementor-widget elementor-widget-spacer\" data-id=\"fff1b8e\" data-element_type=\"widget\" data-widget_type=\"spacer.default\">\n\t\t\t\t<div class=\"elementor-widget-container\">\n\t\t\t\t\t<div class=\"elementor-spacer\">\n\t\t\t<div class=\"elementor-spacer-inner\"><\/div>\n\t\t<\/div>\n\t\t\t\t<\/div>\n\t\t\t\t<\/div>\n\t\t\t\t<div class=\"wow  elementor-element elementor-element-de99396 animated-text-yes elementor-widget__width-initial elementor-widget-mobile__width-initial elementor-widget elementor-widget-text-editor\" style=\"transition-delay:0.2s;\" data-anim-delay=\"200\" data-id=\"de99396\" data-element_type=\"widget\" data-widget_type=\"text-editor.default\">\n\t\t\t\t<div class=\"elementor-widget-container\">\n\t\t\t<style>\/*! elementor - v3.20.0 - 26-03-2024 *\/\n.elementor-widget-text-editor.elementor-drop-cap-view-stacked .elementor-drop-cap{background-color:#69727d;color:#fff}.elementor-widget-text-editor.elementor-drop-cap-view-framed .elementor-drop-cap{color:#69727d;border:3px solid;background-color:transparent}.elementor-widget-text-editor:not(.elementor-drop-cap-view-default) .elementor-drop-cap{margin-top:8px}.elementor-widget-text-editor:not(.elementor-drop-cap-view-default) .elementor-drop-cap-letter{width:1em;height:1em}.elementor-widget-text-editor .elementor-drop-cap{float:left;text-align:center;line-height:1;font-size:50px}.elementor-widget-text-editor .elementor-drop-cap-letter{display:inline-block}<\/style>\t\t\t\t<div id=\"pf1\" class=\"dp-page-outer\"><div class=\"dp-page-inner\"><div id=\"pg-1pf1\" class=\"pf pg-1w0 pg-1h0\" data-page-no=\"1\"><div class=\"pc pg-1pc1 pg-1w0 pg-1h0\"><div class=\"c pg-1x1 pg-1y1 pg-1w2 pg-1h2\"><div class=\"t pg-1m0 pg-1x1 pg-1h4 pg-1y3 pg-1ff2 pg-1fs0 pg-1fc0 pg-1sc0 pg-1ls0 pg-1ws0\"><div class=\"t pg-1m0 pg-1x2 pg-1h4 pg-1y3 pg-1ff2 pg-1fs1 pg-1fc0 pg-1sc0 pg-1ls0 pg-1ws0\"><p>Hugo Panonacle developed a passion for classical music alongside his musical training at the Conservatoire. A native of Arcachon, he began playing the piano at the age of four. From an early age, he saw music as a formidable ally in defending various causes. The proceeds from the first concert he gave at the age of fifteen were donated in full to UNICEF. Hugo holds a Dipl\u00f4me d'\u00e9tudes musicales and is eligible to enter the Paris Conservatoire in 2021.<\/p><p class=\" translation-block\">During his university career, he promoted the dissemination of classical music at Sciences Po. As early as 2018, he proposed to the management the creation of a specific curriculum for professional and aspiring professional musicians. Four years later, the project was approved, and a high-level artist status was introduced for the start of the 2023-2024 academic year. In September 2021,Hugo founded the Sciences Polyphonies student association. The aim of this organization is to promote classical music in the university environment by organizing chamber music concerts featuring with talented student musicians and international soloists. He is the association's artistic direction of the association for two years before stepping down from the board. A graduate in diplomacy and\ninternational affairs and Honorary President of Sciences Polyphonies, he wished to maintain his commitment to his Alma mater by taking on the presidency of the Alumni Music Club.<\/p><\/div><div class=\"t pg-1m0 pg-1x2 pg-1h4 pg-1y11 pg-1ff2 pg-1fs1 pg-1fc0 pg-1sc0 pg-1ls0 pg-1ws0\"><span style=\"background-color: initial;\">\u00a0<\/span><\/div><div class=\"t pg-1m0 pg-1x2 pg-1h4 pg-1y14 pg-1ff2 pg-1fs1 pg-1fc0 pg-1sc0 pg-1ls0 pg-1ws0\">These experiences with associations highlighted her desire to pursue a professional career in the classical music sector. Her end-of-studies work placement with Gautier\u00a0<span style=\"background-color: initial;\">Capu\u00e7on reinforced this idea. Within the Foundation set up by the French cellist, he supports exceptional young musicians and develops artistic partnerships. <\/span><\/div><div>\u00a0<\/div><div class=\"t pg-1m0 pg-1x2 pg-1h4 pg-1y14 pg-1ff2 pg-1fs1 pg-1fc0 pg-1sc0 pg-1ls0 pg-1ws0\"><span style=\"background-color: initial;\">Au\u00a0<\/span><span style=\"background-color: initial;\">In spring 2023, he co-founded the biannual magazine <\/span><em><span class=\"pg-1ff3\" style=\"background-color: initial;\">Polyphonies <\/span><\/em><span style=\"background-color: initial;\">whose editorial line aims to decompartmentalise classical music and non-musical themes. A few weeks later, he opened the Agence Artistique Hugo Panonacle to develop the careers of classical musicians, and worked on launching several chamber music festivals\u00a0<\/span>in France.\u00a0<\/div><\/div><\/div><\/div><\/div><\/div><\/div>\t\t\t\t\t\t<\/div>\n\t\t\t\t<\/div>\n\t\t\t\t<\/div>\n\t\t\t\t\t<\/div>\n\t\t\t\t<\/div>\n\t\t\t\t\t<\/div>\n\t\t\t\t<\/div>\n\t\t\t\t\t<\/div>\n\t\t\t\t<\/div>\n\t\t\t\t\t<\/div>\n\t\t\t\t<\/div>\n\t\t\t\t<\/div>","protected":false},"excerpt":{"rendered":"<p>Hugo Panonacle Directeur Biographie Hugo Panonacle d\u00e9veloppe une passion pour la musique classique en parall\u00e8le de sa formation musicale au conservatoire. Originaire d\u2019Arcachon, il d\u00e9bute le piano \u00e0 l\u2019\u00e2ge de quatre ans. Tr\u00e8s t\u00f4t, il consid\u00e8re que la musique est un formidable alli\u00e9 sur lequel s\u2019appuyer pour d\u00e9fendre diverses causes. Les b\u00e9n\u00e9fices du premier concert&#8230;<\/p>\n<p><a rel=\"bookmark\" class=\"theme-button-text wolf-core-button wolf-core-button-size-lg\" href=\"https:\/\/www.hugopanonacle.fr\/en\/hugo-panonacle\/\"><span>Continue reading<\/span><\/a><\/p>","protected":false},"author":1,"featured_media":0,"parent":0,"menu_order":0,"comment_status":"closed","ping_status":"closed","template":"","meta":{"om_disable_all_campaigns":false,"_monsterinsights_skip_tracking":false,"_monsterinsights_sitenote_active":false,"_monsterinsights_sitenote_note":"","_monsterinsights_sitenote_category":0,"_themeisle_gutenberg_block_has_review":false,"footnotes":""},"type_artiste":[],"instrument":[],"artiste":[],"type_page":[],"class_list":{"0":"post-5166","1":"page","2":"type-page","3":"status-publish","4":"hentry","5":"entry","6":"clearfix","7":"entry-grid","8":"entry-columns-default","9":"entry-page-module-layout-standard","10":"no-post-thumbnail","11":"entry-page","13":"entry-page-grid"},"aioseo_notices":[],"rttpg_featured_image_url":null,"rttpg_author":{"display_name":"hugo.panonacle","author_link":"https:\/\/www.hugopanonacle.fr\/en\/author\/hugo-panonacle\/"},"rttpg_comment":0,"rttpg_category":false,"rttpg_excerpt":"Hugo Panonacle Directeur Biographie Hugo Panonacle d\u00e9veloppe une passion pour la musique classique en parall\u00e8le de sa formation musicale au conservatoire. Originaire d\u2019Arcachon, il d\u00e9bute le piano \u00e0 l\u2019\u00e2ge de quatre ans. Tr\u00e8s t\u00f4t, il consid\u00e8re que la musique est un formidable alli\u00e9 sur lequel s\u2019appuyer pour d\u00e9fendre diverses causes. Les b\u00e9n\u00e9fices du premier concert...Continue&hellip;","_links":{"self":[{"href":"https:\/\/www.hugopanonacle.fr\/en\/wp-json\/wp\/v2\/pages\/5166","targetHints":{"allow":["GET"]}}],"collection":[{"href":"https:\/\/www.hugopanonacle.fr\/en\/wp-json\/wp\/v2\/pages"}],"about":[{"href":"https:\/\/www.hugopanonacle.fr\/en\/wp-json\/wp\/v2\/types\/page"}],"author":[{"embeddable":true,"href":"https:\/\/www.hugopanonacle.fr\/en\/wp-json\/wp\/v2\/users\/1"}],"replies":[{"embeddable":true,"href":"https:\/\/www.hugopanonacle.fr\/en\/wp-json\/wp\/v2\/comments?post=5166"}],"version-history":[{"count":49,"href":"https:\/\/www.hugopanonacle.fr\/en\/wp-json\/wp\/v2\/pages\/5166\/revisions"}],"predecessor-version":[{"id":6156,"href":"https:\/\/www.hugopanonacle.fr\/en\/wp-json\/wp\/v2\/pages\/5166\/revisions\/6156"}],"wp:attachment":[{"href":"https:\/\/www.hugopanonacle.fr\/en\/wp-json\/wp\/v2\/media?parent=5166"}],"wp:term":[{"taxonomy":"type_artiste","embeddable":true,"href":"https:\/\/www.hugopanonacle.fr\/en\/wp-json\/wp\/v2\/type_artiste?post=5166"},{"taxonomy":"instrument","embeddable":true,"href":"https:\/\/www.hugopanonacle.fr\/en\/wp-json\/wp\/v2\/instrument?post=5166"},{"taxonomy":"artiste","embeddable":true,"href":"https:\/\/www.hugopanonacle.fr\/en\/wp-json\/wp\/v2\/artiste?post=5166"},{"taxonomy":"type_page","embeddable":true,"href":"https:\/\/www.hugopanonacle.fr\/en\/wp-json\/wp\/v2\/type_page?post=5166"}],"curies":[{"name":"wp","href":"https:\/\/api.w.org\/{rel}","templated":true}]}}