{"id":8790,"date":"2025-05-11T18:35:01","date_gmt":"2025-05-11T17:35:01","guid":{"rendered":"https:\/\/www.hugopanonacle.fr\/?page_id=8790"},"modified":"2025-05-11T18:39:07","modified_gmt":"2025-05-11T17:39:07","slug":"enrico-fabris","status":"publish","type":"page","link":"https:\/\/www.hugopanonacle.fr\/en\/enrico-fabris\/","title":{"rendered":"Enrico Fabris"},"content":{"rendered":"<div data-elementor-type=\"wp-page\" data-elementor-id=\"8790\" class=\"elementor elementor-8790\">\n\t\t\t\t<div class=\"elementor-element elementor-element-f5aadd7 e-flex e-con-boxed e-con e-child\" data-id=\"f5aadd7\" data-element_type=\"container\">\n\t\t\t\t\t<div class=\"e-con-inner\">\n\t\t<div class=\"elementor-element elementor-element-ded01a1 e-flex e-con-boxed e-con e-child\" data-id=\"ded01a1\" data-element_type=\"container\">\n\t\t\t\t\t<div class=\"e-con-inner\">\n\t\t<div class=\"elementor-element elementor-element-d75cfbf e-con-full e-flex e-con e-child\" data-id=\"d75cfbf\" data-element_type=\"container\">\n\t\t\t\t<div class=\"wolf-core-heading elementor-element elementor-element-a71d755 elementor-widget-mobile__width-initial elementor-hidden-tablet elementor-hidden-mobile elementor-widget elementor-widget-heading\" data-id=\"a71d755\" data-element_type=\"widget\" data-widget_type=\"heading.default\">\n\t\t\t\t<div class=\"elementor-widget-container\">\n\t\t\t<style>\/*! elementor - v3.20.0 - 26-03-2024 *\/\n.elementor-heading-title{padding:0;margin:0;line-height:1}.elementor-widget-heading .elementor-heading-title[class*=elementor-size-]>a{color:inherit;font-size:inherit;line-height:inherit}.elementor-widget-heading .elementor-heading-title.elementor-size-small{font-size:15px}.elementor-widget-heading .elementor-heading-title.elementor-size-medium{font-size:19px}.elementor-widget-heading .elementor-heading-title.elementor-size-large{font-size:29px}.elementor-widget-heading .elementor-heading-title.elementor-size-xl{font-size:39px}.elementor-widget-heading .elementor-heading-title.elementor-size-xxl{font-size:59px}<\/style><h3 class=\"elementor-heading-title elementor-size-default\">Tour manager<\/h3>\t\t<\/div>\n\t\t\t\t<\/div>\n\t\t\t\t<div class=\"elementor-element elementor-element-5417ca4 elementor-widget elementor-widget-spacer\" data-id=\"5417ca4\" data-element_type=\"widget\" data-widget_type=\"spacer.default\">\n\t\t\t\t<div class=\"elementor-widget-container\">\n\t\t\t<style>\/*! elementor - v3.20.0 - 26-03-2024 *\/\n.elementor-column .elementor-spacer-inner{height:var(--spacer-size)}.e-con{--container-widget-width:100%}.e-con-inner>.elementor-widget-spacer,.e-con>.elementor-widget-spacer{width:var(--container-widget-width,var(--spacer-size));--align-self:var(--container-widget-align-self,initial);--flex-shrink:0}.e-con-inner>.elementor-widget-spacer>.elementor-widget-container,.e-con>.elementor-widget-spacer>.elementor-widget-container{height:100%;width:100%}.e-con-inner>.elementor-widget-spacer>.elementor-widget-container>.elementor-spacer,.e-con>.elementor-widget-spacer>.elementor-widget-container>.elementor-spacer{height:100%}.e-con-inner>.elementor-widget-spacer>.elementor-widget-container>.elementor-spacer>.elementor-spacer-inner,.e-con>.elementor-widget-spacer>.elementor-widget-container>.elementor-spacer>.elementor-spacer-inner{height:var(--container-widget-height,var(--spacer-size))}.e-con-inner>.elementor-widget-spacer.elementor-widget-empty,.e-con>.elementor-widget-spacer.elementor-widget-empty{position:relative;min-height:22px;min-width:22px}.e-con-inner>.elementor-widget-spacer.elementor-widget-empty .elementor-widget-empty-icon,.e-con>.elementor-widget-spacer.elementor-widget-empty .elementor-widget-empty-icon{position:absolute;top:0;bottom:0;left:0;right:0;margin:auto;padding:0;width:22px;height:22px}<\/style>\t\t<div class=\"elementor-spacer\">\n\t\t\t<div class=\"elementor-spacer-inner\"><\/div>\n\t\t<\/div>\n\t\t\t\t<\/div>\n\t\t\t\t<\/div>\n\t\t\t\t<div class=\"wolf-core-heading elementor-element elementor-element-fe29721 elementor-widget elementor-widget-heading\" data-id=\"fe29721\" data-element_type=\"widget\" data-widget_type=\"heading.default\">\n\t\t\t\t<div class=\"elementor-widget-container\">\n\t\t\t<h2 class=\"elementor-heading-title elementor-size-default\">Biography <\/h2>\t\t<\/div>\n\t\t\t\t<\/div>\n\t\t\t\t<div class=\"elementor-element elementor-element-4dc757c elementor-widget-divider--view-line elementor-widget elementor-widget-divider\" data-id=\"4dc757c\" data-element_type=\"widget\" data-widget_type=\"divider.default\">\n\t\t\t\t<div class=\"elementor-widget-container\">\n\t\t\t<style>\/*! elementor - v3.20.0 - 26-03-2024 *\/\n.elementor-widget-divider{--divider-border-style:none;--divider-border-width:1px;--divider-color:#0c0d0e;--divider-icon-size:20px;--divider-element-spacing:10px;--divider-pattern-height:24px;--divider-pattern-size:20px;--divider-pattern-url:none;--divider-pattern-repeat:repeat-x}.elementor-widget-divider .elementor-divider{display:flex}.elementor-widget-divider .elementor-divider__text{font-size:15px;line-height:1;max-width:95%}.elementor-widget-divider .elementor-divider__element{margin:0 var(--divider-element-spacing);flex-shrink:0}.elementor-widget-divider .elementor-icon{font-size:var(--divider-icon-size)}.elementor-widget-divider .elementor-divider-separator{display:flex;margin:0;direction:ltr}.elementor-widget-divider--view-line_icon .elementor-divider-separator,.elementor-widget-divider--view-line_text .elementor-divider-separator{align-items:center}.elementor-widget-divider--view-line_icon .elementor-divider-separator:after,.elementor-widget-divider--view-line_icon .elementor-divider-separator:before,.elementor-widget-divider--view-line_text .elementor-divider-separator:after,.elementor-widget-divider--view-line_text .elementor-divider-separator:before{display:block;content:\"\";border-block-end:0;flex-grow:1;border-block-start:var(--divider-border-width) var(--divider-border-style) var(--divider-color)}.elementor-widget-divider--element-align-left .elementor-divider .elementor-divider-separator>.elementor-divider__svg:first-of-type{flex-grow:0;flex-shrink:100}.elementor-widget-divider--element-align-left .elementor-divider-separator:before{content:none}.elementor-widget-divider--element-align-left .elementor-divider__element{margin-left:0}.elementor-widget-divider--element-align-right .elementor-divider .elementor-divider-separator>.elementor-divider__svg:last-of-type{flex-grow:0;flex-shrink:100}.elementor-widget-divider--element-align-right .elementor-divider-separator:after{content:none}.elementor-widget-divider--element-align-right .elementor-divider__element{margin-right:0}.elementor-widget-divider--element-align-start .elementor-divider .elementor-divider-separator>.elementor-divider__svg:first-of-type{flex-grow:0;flex-shrink:100}.elementor-widget-divider--element-align-start .elementor-divider-separator:before{content:none}.elementor-widget-divider--element-align-start .elementor-divider__element{margin-inline-start:0}.elementor-widget-divider--element-align-end .elementor-divider .elementor-divider-separator>.elementor-divider__svg:last-of-type{flex-grow:0;flex-shrink:100}.elementor-widget-divider--element-align-end .elementor-divider-separator:after{content:none}.elementor-widget-divider--element-align-end .elementor-divider__element{margin-inline-end:0}.elementor-widget-divider:not(.elementor-widget-divider--view-line_text):not(.elementor-widget-divider--view-line_icon) .elementor-divider-separator{border-block-start:var(--divider-border-width) var(--divider-border-style) var(--divider-color)}.elementor-widget-divider--separator-type-pattern{--divider-border-style:none}.elementor-widget-divider--separator-type-pattern.elementor-widget-divider--view-line .elementor-divider-separator,.elementor-widget-divider--separator-type-pattern:not(.elementor-widget-divider--view-line) .elementor-divider-separator:after,.elementor-widget-divider--separator-type-pattern:not(.elementor-widget-divider--view-line) .elementor-divider-separator:before,.elementor-widget-divider--separator-type-pattern:not([class*=elementor-widget-divider--view]) .elementor-divider-separator{width:100%;min-height:var(--divider-pattern-height);-webkit-mask-size:var(--divider-pattern-size) 100%;mask-size:var(--divider-pattern-size) 100%;-webkit-mask-repeat:var(--divider-pattern-repeat);mask-repeat:var(--divider-pattern-repeat);background-color:var(--divider-color);-webkit-mask-image:var(--divider-pattern-url);mask-image:var(--divider-pattern-url)}.elementor-widget-divider--no-spacing{--divider-pattern-size:auto}.elementor-widget-divider--bg-round{--divider-pattern-repeat:round}.rtl .elementor-widget-divider .elementor-divider__text{direction:rtl}.e-con-inner>.elementor-widget-divider,.e-con>.elementor-widget-divider{width:var(--container-widget-width,100%);--flex-grow:var(--container-widget-flex-grow)}<\/style>\t\t<div class=\"elementor-divider\">\n\t\t\t<span class=\"elementor-divider-separator\">\n\t\t\t\t\t\t<\/span>\n\t\t<\/div>\n\t\t\t\t<\/div>\n\t\t\t\t<\/div>\n\t\t<div class=\"elementor-element elementor-element-f9b3949 e-con-full e-flex e-con e-child\" data-id=\"f9b3949\" data-element_type=\"container\">\n\t\t\t\t<div class=\"elementor-element elementor-element-b3c4ae0 elementor-widget elementor-widget-spacer\" data-id=\"b3c4ae0\" data-element_type=\"widget\" data-widget_type=\"spacer.default\">\n\t\t\t\t<div class=\"elementor-widget-container\">\n\t\t\t\t\t<div class=\"elementor-spacer\">\n\t\t\t<div class=\"elementor-spacer-inner\"><\/div>\n\t\t<\/div>\n\t\t\t\t<\/div>\n\t\t\t\t<\/div>\n\t\t\t\t<div class=\"elementor-element elementor-element-02ddb69 elementor-widget-divider--view-line elementor-widget elementor-widget-divider\" data-id=\"02ddb69\" data-element_type=\"widget\" data-widget_type=\"divider.default\">\n\t\t\t\t<div class=\"elementor-widget-container\">\n\t\t\t\t\t<div class=\"elementor-divider\">\n\t\t\t<span class=\"elementor-divider-separator\">\n\t\t\t\t\t\t<\/span>\n\t\t<\/div>\n\t\t\t\t<\/div>\n\t\t\t\t<\/div>\n\t\t\t\t<div class=\"elementor-element elementor-element-b3aa6c0 elementor-widget elementor-widget-spacer\" data-id=\"b3aa6c0\" data-element_type=\"widget\" data-widget_type=\"spacer.default\">\n\t\t\t\t<div class=\"elementor-widget-container\">\n\t\t\t\t\t<div class=\"elementor-spacer\">\n\t\t\t<div class=\"elementor-spacer-inner\"><\/div>\n\t\t<\/div>\n\t\t\t\t<\/div>\n\t\t\t\t<\/div>\n\t\t\t\t<div class=\"elementor-element elementor-element-c82893d elementor-widget elementor-widget-spacer\" data-id=\"c82893d\" data-element_type=\"widget\" data-widget_type=\"spacer.default\">\n\t\t\t\t<div class=\"elementor-widget-container\">\n\t\t\t\t\t<div class=\"elementor-spacer\">\n\t\t\t<div class=\"elementor-spacer-inner\"><\/div>\n\t\t<\/div>\n\t\t\t\t<\/div>\n\t\t\t\t<\/div>\n\t\t\t\t<div class=\"wow  elementor-element elementor-element-83d6fbb animated-text-yes elementor-widget__width-initial elementor-widget-mobile__width-initial elementor-widget elementor-widget-text-editor\" style=\"transition-delay:0.2s;\" data-anim-delay=\"200\" data-id=\"83d6fbb\" data-element_type=\"widget\" data-widget_type=\"text-editor.default\">\n\t\t\t\t<div class=\"elementor-widget-container\">\n\t\t\t<style>\/*! elementor - v3.20.0 - 26-03-2024 *\/\n.elementor-widget-text-editor.elementor-drop-cap-view-stacked .elementor-drop-cap{background-color:#69727d;color:#fff}.elementor-widget-text-editor.elementor-drop-cap-view-framed .elementor-drop-cap{color:#69727d;border:3px solid;background-color:transparent}.elementor-widget-text-editor:not(.elementor-drop-cap-view-default) .elementor-drop-cap{margin-top:8px}.elementor-widget-text-editor:not(.elementor-drop-cap-view-default) .elementor-drop-cap-letter{width:1em;height:1em}.elementor-widget-text-editor .elementor-drop-cap{float:left;text-align:center;line-height:1;font-size:50px}.elementor-widget-text-editor .elementor-drop-cap-letter{display:inline-block}<\/style>\t\t\t\t<div id=\"pf1\" class=\"dp-page-outer\"><div class=\"dp-page-inner\"><div id=\"pg-1pf1\" class=\"pf pg-1w0 pg-1h0\" data-page-no=\"1\"><div class=\"pc pg-1pc1 pg-1w0 pg-1h0\"><div class=\"c pg-1x1 pg-1y1 pg-1w2 pg-1h2\"><div class=\"t pg-1m0 pg-1x1 pg-1h4 pg-1y3 pg-1ff2 pg-1fs0 pg-1fc0 pg-1sc0 pg-1ls0 pg-1ws0\"><div class=\"t pg-1m0 pg-1x2 pg-1h4 pg-1y3 pg-1ff2 pg-1fs1 pg-1fc0 pg-1sc0 pg-1ls0 pg-1ws0\"><p data-renderer-start-pos=\"1\">An Italian violinist with a classical training, Enrico studied at the conservatories of Venice, Vicenza, and Milan, where he graduated with top honors and the jury\u2019s commendation. Keen to gain a deeper understanding of the challenges and workings of the music industry, he pursued a Specialized Master\u2019s in Management of Cultural Assets and Activities at ESCP Business School Paris, as part of a dual-degree program organized in collaboration with Ca\u2019 Foscari University of Venice.<\/p><p data-renderer-start-pos=\"535\">Passionate about chamber music and the classical repertoire, he is particularly interested in artistic management and music production, fields in which he seeks to leverage his dual expertise as both a musician and a cultural manager. Convinced that classical music is a universal language and a vital bridge between cultures, he works enthusiastically to promote and enhance its reach.<\/p><p data-renderer-start-pos=\"964\">At Agence Artistique Hugo Panoancle, he holds the position of Assistant Manager and Artist Booking Manager, actively contributing to the promotion of artists and the development of artistic projects.<\/p><\/div><\/div><\/div><\/div><\/div><\/div><\/div>\t\t\t\t\t\t<\/div>\n\t\t\t\t<\/div>\n\t\t\t\t<\/div>\n\t\t\t\t<\/div>\n\t\t\t\t\t<\/div>\n\t\t\t\t<\/div>\n\t\t\t\t\t<\/div>\n\t\t\t\t<\/div>\n\t\t\t\t<\/div>","protected":false},"excerpt":{"rendered":"<p>Charg\u00e9 de diffusion Biographie Violoniste italien de formation classique, Enrico a \u00e9tudi\u00e9 aux conservatoires de Venise, Vicence et Milan, o\u00f9 il a obtenu son dipl\u00f4me avec les plus hautes distinctions et les f\u00e9licitations du jury. D\u00e9sireux de mieux comprendre les enjeux et le fonctionnement de l\u2019industrie musicale, il a poursuivi un Mast\u00e8re Sp\u00e9cialis\u00e9 en Management&#8230;<\/p>\n<p><a rel=\"bookmark\" class=\"theme-button-text wolf-core-button wolf-core-button-size-lg\" href=\"https:\/\/www.hugopanonacle.fr\/en\/enrico-fabris\/\"><span>Continue reading<\/span><\/a><\/p>","protected":false},"author":1,"featured_media":0,"parent":0,"menu_order":0,"comment_status":"closed","ping_status":"closed","template":"","meta":{"om_disable_all_campaigns":false,"_monsterinsights_skip_tracking":false,"_monsterinsights_sitenote_active":false,"_monsterinsights_sitenote_note":"","_monsterinsights_sitenote_category":0,"_themeisle_gutenberg_block_has_review":false,"footnotes":""},"type_artiste":[],"instrument":[],"artiste":[],"type_page":[],"class_list":{"0":"post-8790","1":"page","2":"type-page","3":"status-publish","4":"hentry","5":"entry","6":"clearfix","7":"entry-grid","8":"entry-columns-default","9":"entry-page-module-layout-standard","10":"no-post-thumbnail","11":"entry-page","13":"entry-page-grid"},"aioseo_notices":[],"rttpg_featured_image_url":null,"rttpg_author":{"display_name":"hugo.panonacle","author_link":"https:\/\/www.hugopanonacle.fr\/en\/author\/hugo-panonacle\/"},"rttpg_comment":0,"rttpg_category":false,"rttpg_excerpt":"Charg\u00e9 de diffusion Biographie Violoniste italien de formation classique, Enrico a \u00e9tudi\u00e9 aux conservatoires de Venise, Vicence et Milan, o\u00f9 il a obtenu son dipl\u00f4me avec les plus hautes distinctions et les f\u00e9licitations du jury. D\u00e9sireux de mieux comprendre les enjeux et le fonctionnement de l\u2019industrie musicale, il a poursuivi un Mast\u00e8re Sp\u00e9cialis\u00e9 en Management...Continue&hellip;","_links":{"self":[{"href":"https:\/\/www.hugopanonacle.fr\/en\/wp-json\/wp\/v2\/pages\/8790","targetHints":{"allow":["GET"]}}],"collection":[{"href":"https:\/\/www.hugopanonacle.fr\/en\/wp-json\/wp\/v2\/pages"}],"about":[{"href":"https:\/\/www.hugopanonacle.fr\/en\/wp-json\/wp\/v2\/types\/page"}],"author":[{"embeddable":true,"href":"https:\/\/www.hugopanonacle.fr\/en\/wp-json\/wp\/v2\/users\/1"}],"replies":[{"embeddable":true,"href":"https:\/\/www.hugopanonacle.fr\/en\/wp-json\/wp\/v2\/comments?post=8790"}],"version-history":[{"count":4,"href":"https:\/\/www.hugopanonacle.fr\/en\/wp-json\/wp\/v2\/pages\/8790\/revisions"}],"predecessor-version":[{"id":8797,"href":"https:\/\/www.hugopanonacle.fr\/en\/wp-json\/wp\/v2\/pages\/8790\/revisions\/8797"}],"wp:attachment":[{"href":"https:\/\/www.hugopanonacle.fr\/en\/wp-json\/wp\/v2\/media?parent=8790"}],"wp:term":[{"taxonomy":"type_artiste","embeddable":true,"href":"https:\/\/www.hugopanonacle.fr\/en\/wp-json\/wp\/v2\/type_artiste?post=8790"},{"taxonomy":"instrument","embeddable":true,"href":"https:\/\/www.hugopanonacle.fr\/en\/wp-json\/wp\/v2\/instrument?post=8790"},{"taxonomy":"artiste","embeddable":true,"href":"https:\/\/www.hugopanonacle.fr\/en\/wp-json\/wp\/v2\/artiste?post=8790"},{"taxonomy":"type_page","embeddable":true,"href":"https:\/\/www.hugopanonacle.fr\/en\/wp-json\/wp\/v2\/type_page?post=8790"}],"curies":[{"name":"wp","href":"https:\/\/api.w.org\/{rel}","templated":true}]}}