{"id":4605,"date":"2021-08-06T15:22:16","date_gmt":"2021-08-06T15:22:16","guid":{"rendered":"https:\/\/preview.wolfthemes.live\/741hz\/?page_id=5"},"modified":"2024-02-05T12:00:41","modified_gmt":"2024-02-05T11:00:41","slug":"home-2","status":"publish","type":"page","link":"https:\/\/www.hugopanonacle.fr\/fr\/","title":{"rendered":"Accueil"},"content":{"rendered":"\t\t<div data-elementor-type=\"wp-page\" data-elementor-id=\"4605\" class=\"elementor elementor-4605\">\n\t\t\t\t\t\t<section class=\"wolf-core-elementor-row wolf-core-font-light  elementor-section elementor-top-section elementor-element elementor-element-7709008 elementor-section-content-middle wolf-core-font-light elementor-section-boxed elementor-section-height-default elementor-section-height-default\" data-id=\"7709008\" data-element_type=\"section\">\n\t\t\t\t\t\t<div class=\"elementor-container elementor-column-gap-default\">\n\t\t\t\t\t<div class=\"elementor-column elementor-col-100 elementor-top-column elementor-element elementor-element-6a54ae0\" data-id=\"6a54ae0\" data-element_type=\"column\">\n\t\t\t<div class=\"elementor-widget-wrap elementor-element-populated\">\n\t\t\t\t\t\t<div class=\"wolf-core-heading elementor-element elementor-element-1637fb0 elementor-widget elementor-widget-heading\" data-id=\"1637fb0\" data-element_type=\"widget\" data-widget_type=\"heading.default\">\n\t\t\t\t<div class=\"elementor-widget-container\">\n\t\t\t<style>\/*! elementor - v3.20.0 - 26-03-2024 *\/\n.elementor-heading-title{padding:0;margin:0;line-height:1}.elementor-widget-heading .elementor-heading-title[class*=elementor-size-]>a{color:inherit;font-size:inherit;line-height:inherit}.elementor-widget-heading .elementor-heading-title.elementor-size-small{font-size:15px}.elementor-widget-heading .elementor-heading-title.elementor-size-medium{font-size:19px}.elementor-widget-heading .elementor-heading-title.elementor-size-large{font-size:29px}.elementor-widget-heading .elementor-heading-title.elementor-size-xl{font-size:39px}.elementor-widget-heading .elementor-heading-title.elementor-size-xxl{font-size:59px}<\/style><h1 class=\"elementor-heading-title elementor-size-default\">L'agence<\/h1>\t\t<\/div>\n\t\t\t\t<\/div>\n\t\t<div class=\"elementor-element elementor-element-9c002d5 e-flex e-con-boxed e-con e-parent\" data-id=\"9c002d5\" data-element_type=\"container\" data-core-v316-plus=\"true\">\n\t\t\t\t\t<div class=\"e-con-inner\">\n\t\t\t\t<div class=\"elementor-element elementor-element-c55408a elementor-widget-divider--view-line elementor-widget elementor-widget-divider\" data-id=\"c55408a\" data-element_type=\"widget\" data-widget_type=\"divider.default\">\n\t\t\t\t<div class=\"elementor-widget-container\">\n\t\t\t<style>\/*! elementor - v3.20.0 - 26-03-2024 *\/\n.elementor-widget-divider{--divider-border-style:none;--divider-border-width:1px;--divider-color:#0c0d0e;--divider-icon-size:20px;--divider-element-spacing:10px;--divider-pattern-height:24px;--divider-pattern-size:20px;--divider-pattern-url:none;--divider-pattern-repeat:repeat-x}.elementor-widget-divider .elementor-divider{display:flex}.elementor-widget-divider .elementor-divider__text{font-size:15px;line-height:1;max-width:95%}.elementor-widget-divider .elementor-divider__element{margin:0 var(--divider-element-spacing);flex-shrink:0}.elementor-widget-divider .elementor-icon{font-size:var(--divider-icon-size)}.elementor-widget-divider .elementor-divider-separator{display:flex;margin:0;direction:ltr}.elementor-widget-divider--view-line_icon .elementor-divider-separator,.elementor-widget-divider--view-line_text .elementor-divider-separator{align-items:center}.elementor-widget-divider--view-line_icon .elementor-divider-separator:after,.elementor-widget-divider--view-line_icon .elementor-divider-separator:before,.elementor-widget-divider--view-line_text .elementor-divider-separator:after,.elementor-widget-divider--view-line_text .elementor-divider-separator:before{display:block;content:\"\";border-block-end:0;flex-grow:1;border-block-start:var(--divider-border-width) var(--divider-border-style) var(--divider-color)}.elementor-widget-divider--element-align-left .elementor-divider .elementor-divider-separator>.elementor-divider__svg:first-of-type{flex-grow:0;flex-shrink:100}.elementor-widget-divider--element-align-left .elementor-divider-separator:before{content:none}.elementor-widget-divider--element-align-left .elementor-divider__element{margin-left:0}.elementor-widget-divider--element-align-right .elementor-divider .elementor-divider-separator>.elementor-divider__svg:last-of-type{flex-grow:0;flex-shrink:100}.elementor-widget-divider--element-align-right .elementor-divider-separator:after{content:none}.elementor-widget-divider--element-align-right .elementor-divider__element{margin-right:0}.elementor-widget-divider--element-align-start .elementor-divider .elementor-divider-separator>.elementor-divider__svg:first-of-type{flex-grow:0;flex-shrink:100}.elementor-widget-divider--element-align-start .elementor-divider-separator:before{content:none}.elementor-widget-divider--element-align-start .elementor-divider__element{margin-inline-start:0}.elementor-widget-divider--element-align-end .elementor-divider .elementor-divider-separator>.elementor-divider__svg:last-of-type{flex-grow:0;flex-shrink:100}.elementor-widget-divider--element-align-end .elementor-divider-separator:after{content:none}.elementor-widget-divider--element-align-end .elementor-divider__element{margin-inline-end:0}.elementor-widget-divider:not(.elementor-widget-divider--view-line_text):not(.elementor-widget-divider--view-line_icon) .elementor-divider-separator{border-block-start:var(--divider-border-width) var(--divider-border-style) var(--divider-color)}.elementor-widget-divider--separator-type-pattern{--divider-border-style:none}.elementor-widget-divider--separator-type-pattern.elementor-widget-divider--view-line .elementor-divider-separator,.elementor-widget-divider--separator-type-pattern:not(.elementor-widget-divider--view-line) .elementor-divider-separator:after,.elementor-widget-divider--separator-type-pattern:not(.elementor-widget-divider--view-line) .elementor-divider-separator:before,.elementor-widget-divider--separator-type-pattern:not([class*=elementor-widget-divider--view]) .elementor-divider-separator{width:100%;min-height:var(--divider-pattern-height);-webkit-mask-size:var(--divider-pattern-size) 100%;mask-size:var(--divider-pattern-size) 100%;-webkit-mask-repeat:var(--divider-pattern-repeat);mask-repeat:var(--divider-pattern-repeat);background-color:var(--divider-color);-webkit-mask-image:var(--divider-pattern-url);mask-image:var(--divider-pattern-url)}.elementor-widget-divider--no-spacing{--divider-pattern-size:auto}.elementor-widget-divider--bg-round{--divider-pattern-repeat:round}.rtl .elementor-widget-divider .elementor-divider__text{direction:rtl}.e-con-inner>.elementor-widget-divider,.e-con>.elementor-widget-divider{width:var(--container-widget-width,100%);--flex-grow:var(--container-widget-flex-grow)}<\/style>\t\t<div class=\"elementor-divider\">\n\t\t\t<span class=\"elementor-divider-separator\">\n\t\t\t\t\t\t<\/span>\n\t\t<\/div>\n\t\t\t\t<\/div>\n\t\t\t\t<\/div>\n\t\t\t\t<div class=\" elementor-element elementor-element-ed68c07 elementor-widget__width-inherit elementor-widget elementor-widget-text-editor\" data-id=\"ed68c07\" data-element_type=\"widget\" data-widget_type=\"text-editor.default\">\n\t\t\t\t<div class=\"elementor-widget-container\">\n\t\t\t<style>\/*! elementor - v3.20.0 - 26-03-2024 *\/\n.elementor-widget-text-editor.elementor-drop-cap-view-stacked .elementor-drop-cap{background-color:#69727d;color:#fff}.elementor-widget-text-editor.elementor-drop-cap-view-framed .elementor-drop-cap{color:#69727d;border:3px solid;background-color:transparent}.elementor-widget-text-editor:not(.elementor-drop-cap-view-default) .elementor-drop-cap{margin-top:8px}.elementor-widget-text-editor:not(.elementor-drop-cap-view-default) .elementor-drop-cap-letter{width:1em;height:1em}.elementor-widget-text-editor .elementor-drop-cap{float:left;text-align:center;line-height:1;font-size:50px}.elementor-widget-text-editor .elementor-drop-cap-letter{display:inline-block}<\/style>\t\t\t\t<div class=\"t pg-1m0 pg-1x4 pg-1h5 pg-1y8 pg-1ff2 pg-1fs1 pg-1fc0 pg-1sc0 pg-1ls0 pg-1ws0\"><p>Structure polyvalente, l<span class=\"s2\">\u2019<\/span>Agence Artistique Hugo Panonacle d\u00e9veloppe plusieurs activit\u00e9s dans le secteur de la musique classique : la repr\u00e9sentation de musiciens, le conseil et la direction artistique, la diffusion et la production de concerts. La compl\u00e9mentarit\u00e9 de ces activit\u00e9s est au coeur de son mod\u00e8le. Le d\u00e9cloisonnement, l<span class=\"s2\">\u2019<\/span>originalit\u00e9 et l<span class=\"s2\">\u2019<\/span>authenticit\u00e9 des propositions artistiques animent un engagement en faveur de musiciens d<span class=\"s2\">\u2019<\/span>exception. \u00c0 l\u2019\u00e9coute de toutes les g\u00e9n\u00e9rations et de tous les r\u00e9pertoires, consciente des enjeux de son temps, l<span class=\"s2\">\u2019<\/span>Agence Artistique Hugo Panonacle r\u00e9invente les rapports entre les artistes, les professionnels du secteur et le public.<\/p><\/div>\t\t\t\t\t\t<\/div>\n\t\t\t\t<\/div>\n\t\t\t\t\t<\/div>\n\t\t\t\t<\/div>\n\t\t\t\t\t<\/div>\n\t\t<\/div>\n\t\t\t\t\t<\/div>\n\t\t<\/section>\n\t\t<div class=\"elementor-element elementor-element-257f001 wolf-core-font-light e-flex e-con-boxed e-con e-parent\" data-id=\"257f001\" data-element_type=\"container\" data-core-v316-plus=\"true\">\n\t\t\t\t\t<div class=\"e-con-inner\">\n\t\t<div class=\"elementor-element elementor-element-0781204 e-con-full e-flex e-con e-child\" data-id=\"0781204\" data-element_type=\"container\">\n\t\t\t\t<div class=\"wolf-core-heading elementor-element elementor-element-c7e093c elementor-widget elementor-widget-heading\" data-id=\"c7e093c\" data-element_type=\"widget\" data-widget_type=\"heading.default\">\n\t\t\t\t<div class=\"elementor-widget-container\">\n\t\t\t<h2 class=\"elementor-heading-title elementor-size-default\">Actualit\u00e9s<\/h2>\t\t<\/div>\n\t\t\t\t<\/div>\n\t\t\t\t<div class=\"elementor-element elementor-element-878dea8 elementor-widget-divider--view-line elementor-widget elementor-widget-divider\" data-id=\"878dea8\" data-element_type=\"widget\" data-widget_type=\"divider.default\">\n\t\t\t\t<div class=\"elementor-widget-container\">\n\t\t\t\t\t<div class=\"elementor-divider\">\n\t\t\t<span class=\"elementor-divider-separator\">\n\t\t\t\t\t\t<\/span>\n\t\t<\/div>\n\t\t\t\t<\/div>\n\t\t\t\t<\/div>\n\t\t\t\t<div class=\"elementor-element elementor-element-e0602b4 tpg-wrapper-align-center meta-visibility-show title_position_default title_hover_border_default title-default img_hover_animation_default meta_position_default grid-hover-overlay-type-always tpg-el-box-border-enable tpg-border-bottom-disable elementor-widget elementor-widget-tpg-grid-layout\" data-id=\"e0602b4\" data-element_type=\"widget\" data-widget_type=\"tpg-grid-layout.default\">\n\t\t\t\t<div class=\"elementor-widget-container\">\n\t\t\t\t\t<div class=\"rt-container-fluid rt-tpg-container tpg-el-main-wrapper clearfix grid-layout4-main \"\n\t\t\t id=\"rt-tpg-container-3411001746\"\n\t\t\t data-layout=\"grid-layout4\"\n\t\t\t data-grid-style=\"tpg-full-height\"\n\t\t\t data-sc-id=\"elementor\"\n\t\t\t data-el-settings=''\n\t\t\t data-el-query=''\n\t\t\t data-el-path=''\n\t\t>\n\t\t\t\t\t\t<div class='tpg-header-wrapper '>\n\t\t\t\t\t\t\t<\/div>\n\n\t\t\t<div data-title=\"Loading ...\" class=\"rt-row rt-content-loader grid-layout4 grid-behaviour tpg-full-height grid_layout_wrapper\">\n\t\t\t\t\n<div class=\"rt-col-md-6 rt-col-sm-6 rt-col-xs-12 default rt-grid-item\" data-id=\"10220\">\n\t<div class=\"rt-holder tpg-post-holder \">\n\t\t<div class=\"rt-detail rt-el-content-wrapper\">\n\t\t\t\t\t\t\t<div class=\"rt-img-holder tpg-el-image-wrap has-thumbnail\">\n\t\t\t\t\t<a data-id=\"10220\" href=\"https:\/\/www.hugopanonacle.fr\/fr\/une-alliance-fondee-sur-linnovation-et-la-transmission\/\" class=\"tpg-post-link\" target=\"_self\">                        <img fetchpriority=\"high\" decoding=\"async\" src=\"https:\/\/www.hugopanonacle.fr\/wp-content\/uploads\/2026\/03\/banniere-musica-prima-768x432.png\"\n                             class=\"rt-img-responsive\"\n                             width=\"768\"\n                             height=\"432\"\n                             alt=\"Une alliance fond\u00e9e sur l\u2019innovation et la transmission\">\n\t\t\t\t\t\t\n\t\t\t\t\t\t\t\n\t\t<\/a>\n\t\t        <div class=\"overlay grid-hover-content\"><\/div>\n\t\t\t\t\t\t<\/div>\n\t\t\t\n\t\t\t<div class=\"entry-title-wrapper\"><h3 class=\"entry-title\"><a data-id=\"10220\" href=\"https:\/\/www.hugopanonacle.fr\/fr\/une-alliance-fondee-sur-linnovation-et-la-transmission\/\" class=\"tpg-post-link\" target=\"_self\">Une alliance fond\u00e9e sur l\u2019innovation et la transmission<\/a><\/h3><\/div>\n\t\t\t\t\t\t\t<div class=\"post-meta-tags rt-el-post-meta\">\n\t\t\t\t\t            <span class='date'>\n\t\t\t\t<i class='far fa-calendar-alt '><\/i>\t\t\t\t                    <a href=\"https:\/\/www.hugopanonacle.fr\/fr\/2026\/02\/10\/\">\n\t\t\t\t\t02\/10\/2026\t\t\t\t<\/a>\n\t\t\t\t\t\t\t<\/span>\n\t\t\t\t\t\t\t<\/div>\n\t\t\t\n\t\t\t\n\t\t\t\t\t<\/div>\n\t<\/div>\n<\/div>\n\n<div class=\"rt-col-md-6 rt-col-sm-6 rt-col-xs-12 default rt-grid-item\" data-id=\"9013\">\n\t<div class=\"rt-holder tpg-post-holder \">\n\t\t<div class=\"rt-detail rt-el-content-wrapper\">\n\t\t\t\t\t\t\t<div class=\"rt-img-holder tpg-el-image-wrap has-thumbnail\">\n\t\t\t\t\t<a data-id=\"9013\" href=\"https:\/\/www.hugopanonacle.fr\/fr\/une-nouvelle-saison-de-haut-vol\/\" class=\"tpg-post-link\" target=\"_self\">                        <img decoding=\"async\" src=\"https:\/\/www.hugopanonacle.fr\/wp-content\/uploads\/2025\/06\/OPUS-CORTOT-768x432.png\"\n                             class=\"rt-img-responsive\"\n                             width=\"768\"\n                             height=\"432\"\n                             alt=\"Une nouvelle saison de haut vol\">\n\t\t\t\t\t\t\n\t\t\t\t\t\t\t\n\t\t<\/a>\n\t\t        <div class=\"overlay grid-hover-content\"><\/div>\n\t\t\t\t\t\t<\/div>\n\t\t\t\n\t\t\t<div class=\"entry-title-wrapper\"><h3 class=\"entry-title\"><a data-id=\"9013\" href=\"https:\/\/www.hugopanonacle.fr\/fr\/une-nouvelle-saison-de-haut-vol\/\" class=\"tpg-post-link\" target=\"_self\">Une nouvelle saison de haut vol<\/a><\/h3><\/div>\n\t\t\t\t\t\t\t<div class=\"post-meta-tags rt-el-post-meta\">\n\t\t\t\t\t            <span class='date'>\n\t\t\t\t<i class='far fa-calendar-alt '><\/i>\t\t\t\t                    <a href=\"https:\/\/www.hugopanonacle.fr\/fr\/2025\/10\/12\/\">\n\t\t\t\t\t10\/12\/2025\t\t\t\t<\/a>\n\t\t\t\t\t\t\t<\/span>\n\t\t\t\t\t\t\t<\/div>\n\t\t\t\n\t\t\t\n\t\t\t\t\t<\/div>\n\t<\/div>\n<\/div>\n\n<div class=\"rt-col-md-6 rt-col-sm-6 rt-col-xs-12 default rt-grid-item\" data-id=\"10211\">\n\t<div class=\"rt-holder tpg-post-holder \">\n\t\t<div class=\"rt-detail rt-el-content-wrapper\">\n\t\t\t\t\t\t\t<div class=\"rt-img-holder tpg-el-image-wrap has-thumbnail\">\n\t\t\t\t\t<a data-id=\"10211\" href=\"https:\/\/www.hugopanonacle.fr\/fr\/lancement-dopus-regions-une-nouvelle-saison-inauguree-sur-le-bassin-darcachon\/\" class=\"tpg-post-link\" target=\"_self\">                        <img decoding=\"async\" src=\"https:\/\/www.hugopanonacle.fr\/wp-content\/uploads\/2026\/03\/opus-region-768x432.png\"\n                             class=\"rt-img-responsive\"\n                             width=\"768\"\n                             height=\"432\"\n                             alt=\"Lancement   d\u2019Opus   R\u00e9gions   :   une   nouvelle   saison   inaugur\u00e9e   sur   le   Bassin d\u2019Arcachon\">\n\t\t\t\t\t\t\n\t\t\t\t\t\t\t\n\t\t<\/a>\n\t\t        <div class=\"overlay grid-hover-content\"><\/div>\n\t\t\t\t\t\t<\/div>\n\t\t\t\n\t\t\t<div class=\"entry-title-wrapper\"><h3 class=\"entry-title\"><a data-id=\"10211\" href=\"https:\/\/www.hugopanonacle.fr\/fr\/lancement-dopus-regions-une-nouvelle-saison-inauguree-sur-le-bassin-darcachon\/\" class=\"tpg-post-link\" target=\"_self\">Lancement   d\u2019Opus   R\u00e9gions   :   une   nouvelle   saison   inaugur\u00e9e   sur   le   Bassin d\u2019Arcachon<\/a><\/h3><\/div>\n\t\t\t\t\t\t\t<div class=\"post-meta-tags rt-el-post-meta\">\n\t\t\t\t\t            <span class='date'>\n\t\t\t\t<i class='far fa-calendar-alt '><\/i>\t\t\t\t                    <a href=\"https:\/\/www.hugopanonacle.fr\/fr\/2025\/09\/27\/\">\n\t\t\t\t\t09\/27\/2025\t\t\t\t<\/a>\n\t\t\t\t\t\t\t<\/span>\n\t\t\t\t\t\t\t<\/div>\n\t\t\t\n\t\t\t\n\t\t\t\t\t<\/div>\n\t<\/div>\n<\/div>\n\n<div class=\"rt-col-md-6 rt-col-sm-6 rt-col-xs-12 default rt-grid-item\" data-id=\"10230\">\n\t<div class=\"rt-holder tpg-post-holder \">\n\t\t<div class=\"rt-detail rt-el-content-wrapper\">\n\t\t\t\t\t\t\t<div class=\"rt-img-holder tpg-el-image-wrap has-thumbnail\">\n\t\t\t\t\t<a data-id=\"10230\" href=\"https:\/\/www.hugopanonacle.fr\/fr\/lagence-hugo-panonacle-devoile-sa-nouvelle-identite-visuelle\/\" class=\"tpg-post-link\" target=\"_self\">                        <img loading=\"lazy\" decoding=\"async\" src=\"https:\/\/www.hugopanonacle.fr\/wp-content\/uploads\/2026\/03\/banniere-nouvelle-identite-768x432.png\"\n                             class=\"rt-img-responsive\"\n                             width=\"768\"\n                             height=\"432\"\n                             alt=\"L\u2019Agence Hugo Panonacle d\u00e9voile sa nouvelle identit\u00e9 visuelle\">\n\t\t\t\t\t\t\n\t\t\t\t\t\t\t\n\t\t<\/a>\n\t\t        <div class=\"overlay grid-hover-content\"><\/div>\n\t\t\t\t\t\t<\/div>\n\t\t\t\n\t\t\t<div class=\"entry-title-wrapper\"><h3 class=\"entry-title\"><a data-id=\"10230\" href=\"https:\/\/www.hugopanonacle.fr\/fr\/lagence-hugo-panonacle-devoile-sa-nouvelle-identite-visuelle\/\" class=\"tpg-post-link\" target=\"_self\">L\u2019Agence Hugo Panonacle d\u00e9voile sa nouvelle identit\u00e9 visuelle<\/a><\/h3><\/div>\n\t\t\t\t\t\t\t<div class=\"post-meta-tags rt-el-post-meta\">\n\t\t\t\t\t            <span class='date'>\n\t\t\t\t<i class='far fa-calendar-alt '><\/i>\t\t\t\t                    <a href=\"https:\/\/www.hugopanonacle.fr\/fr\/2025\/09\/09\/\">\n\t\t\t\t\t09\/09\/2025\t\t\t\t<\/a>\n\t\t\t\t\t\t\t<\/span>\n\t\t\t\t\t\t\t<\/div>\n\t\t\t\n\t\t\t\n\t\t\t\t\t<\/div>\n\t<\/div>\n<\/div>\n\t\t\t<\/div>\n\t\t\t\n\t\t<\/div>\n\t\t\t\t<\/div>\n\t\t\t\t<\/div>\n\t\t\t\t<\/div>\n\t\t\t\t\t<\/div>\n\t\t\t\t<\/div>\n\t\t\t\t<section class=\"wolf-core-elementor-row wolf-core-font-light  elementor-section elementor-top-section elementor-element elementor-element-da23f69 wolf-core-font-light elementor-section-boxed elementor-section-height-default elementor-section-height-default\" data-id=\"da23f69\" data-element_type=\"section\">\n\t\t\t\t\t\t<div class=\"elementor-container elementor-column-gap-default\">\n\t\t\t\t\t<div class=\"elementor-column elementor-col-100 elementor-top-column elementor-element elementor-element-f622668\" data-id=\"f622668\" data-element_type=\"column\">\n\t\t\t<div class=\"elementor-widget-wrap\">\n\t\t\t\t\t\t\t<\/div>\n\t\t<\/div>\n\t\t\t\t\t<\/div>\n\t\t<\/section>\n\t\t\t\t<\/div>\n\t\t","protected":false},"excerpt":{"rendered":"<p>L&#8217;agence Structure polyvalente, l\u2019Agence Artistique Hugo Panonacle d\u00e9veloppe plusieurs activit\u00e9s dans le secteur de la musique classique : la repr\u00e9sentation de musiciens, le conseil et la direction artistique, la diffusion et la production de concerts. La compl\u00e9mentarit\u00e9 de ces activit\u00e9s est au coeur de son mod\u00e8le. Le d\u00e9cloisonnement, l\u2019originalit\u00e9 et l\u2019authenticit\u00e9 des propositions artistiques animent&#8230;<\/p>\n<p><a rel=\"bookmark\" class=\"theme-button-text wolf-core-button wolf-core-button-size-lg\" href=\"https:\/\/www.hugopanonacle.fr\/fr\/lagence-hugo-panonacle-devoile-sa-nouvelle-identite-visuelle\/\"><span>Continue reading<\/span><\/a><\/p>\n","protected":false},"author":1,"featured_media":0,"parent":0,"menu_order":0,"comment_status":"closed","ping_status":"closed","template":"","meta":{"om_disable_all_campaigns":false,"_monsterinsights_skip_tracking":false,"_monsterinsights_sitenote_active":false,"_monsterinsights_sitenote_note":"","_monsterinsights_sitenote_category":0,"_themeisle_gutenberg_block_has_review":false,"footnotes":""},"type_artiste":[],"instrument":[],"artiste":[],"type_page":[],"class_list":["post-4605","page","type-page","status-publish","hentry","entry","clearfix","entry-post-module-layout-sidebar-right","thumbnail-color-tone-dark","metro-landscape","entry-post","entry-standard","entry-post-standard"],"aioseo_notices":[],"rttpg_featured_image_url":null,"rttpg_author":{"display_name":"hugo.panonacle","author_link":"https:\/\/www.hugopanonacle.fr\/fr\/author\/hugo-panonacle\/"},"rttpg_comment":0,"rttpg_category":"","rttpg_excerpt":"L&#8217;agence Structure polyvalente, l\u2019Agence Artistique Hugo Panonacle d\u00e9veloppe plusieurs activit\u00e9s dans le secteur de la musique classique : la repr\u00e9sentation de musiciens, le conseil et la direction artistique, la diffusion et la production de concerts. La compl\u00e9mentarit\u00e9 de ces activit\u00e9s est au coeur de son mod\u00e8le. Le d\u00e9cloisonnement, l\u2019originalit\u00e9 et l\u2019authenticit\u00e9 des propositions artistiques animent...Continue\u2026","_links":{"self":[{"href":"https:\/\/www.hugopanonacle.fr\/fr\/wp-json\/wp\/v2\/pages\/4605","targetHints":{"allow":["GET"]}}],"collection":[{"href":"https:\/\/www.hugopanonacle.fr\/fr\/wp-json\/wp\/v2\/pages"}],"about":[{"href":"https:\/\/www.hugopanonacle.fr\/fr\/wp-json\/wp\/v2\/types\/page"}],"author":[{"embeddable":true,"href":"https:\/\/www.hugopanonacle.fr\/fr\/wp-json\/wp\/v2\/users\/1"}],"replies":[{"embeddable":true,"href":"https:\/\/www.hugopanonacle.fr\/fr\/wp-json\/wp\/v2\/comments?post=4605"}],"version-history":[{"count":90,"href":"https:\/\/www.hugopanonacle.fr\/fr\/wp-json\/wp\/v2\/pages\/4605\/revisions"}],"predecessor-version":[{"id":10153,"href":"https:\/\/www.hugopanonacle.fr\/fr\/wp-json\/wp\/v2\/pages\/4605\/revisions\/10153"}],"wp:attachment":[{"href":"https:\/\/www.hugopanonacle.fr\/fr\/wp-json\/wp\/v2\/media?parent=4605"}],"wp:term":[{"taxonomy":"type_artiste","embeddable":true,"href":"https:\/\/www.hugopanonacle.fr\/fr\/wp-json\/wp\/v2\/type_artiste?post=4605"},{"taxonomy":"instrument","embeddable":true,"href":"https:\/\/www.hugopanonacle.fr\/fr\/wp-json\/wp\/v2\/instrument?post=4605"},{"taxonomy":"artiste","embeddable":true,"href":"https:\/\/www.hugopanonacle.fr\/fr\/wp-json\/wp\/v2\/artiste?post=4605"},{"taxonomy":"type_page","embeddable":true,"href":"https:\/\/www.hugopanonacle.fr\/fr\/wp-json\/wp\/v2\/type_page?post=4605"}],"curies":[{"name":"wp","href":"https:\/\/api.w.org\/{rel}","templated":true}]}}