{"id":5137,"date":"2023-11-04T19:45:19","date_gmt":"2023-11-04T19:45:19","guid":{"rendered":"https:\/\/hugopanonacle.fr\/?page_id=5137"},"modified":"2026-02-17T15:56:42","modified_gmt":"2026-02-17T14:56:42","slug":"conseil-et-direction-artistique","status":"publish","type":"page","link":"https:\/\/www.hugopanonacle.fr\/fr\/conseil-et-direction-artistique\/","title":{"rendered":"Nos comp\u00e9tences"},"content":{"rendered":"\t\t<div data-elementor-type=\"wp-page\" data-elementor-id=\"5137\" class=\"elementor elementor-5137\">\n\t\t\t\t\t\t<section class=\"wolf-core-elementor-row wolf-core-font-  elementor-section elementor-top-section elementor-element elementor-element-c47640a elementor-section-boxed elementor-section-height-default elementor-section-height-default\" data-id=\"c47640a\" data-element_type=\"section\">\n\t\t\t\t\t\t<div class=\"elementor-container elementor-column-gap-default\">\n\t\t\t\t\t<div class=\"elementor-column elementor-col-100 elementor-top-column elementor-element elementor-element-8878617\" data-id=\"8878617\" data-element_type=\"column\">\n\t\t\t<div class=\"elementor-widget-wrap elementor-element-populated\">\n\t\t\t\t\t\t<div class=\"wolf-core-heading elementor-element elementor-element-a159a3b elementor-widget elementor-widget-heading\" data-id=\"a159a3b\" data-element_type=\"widget\" data-widget_type=\"heading.default\">\n\t\t\t\t<div class=\"elementor-widget-container\">\n\t\t\t<style>\/*! elementor - v3.20.0 - 26-03-2024 *\/\n.elementor-heading-title{padding:0;margin:0;line-height:1}.elementor-widget-heading .elementor-heading-title[class*=elementor-size-]>a{color:inherit;font-size:inherit;line-height:inherit}.elementor-widget-heading .elementor-heading-title.elementor-size-small{font-size:15px}.elementor-widget-heading .elementor-heading-title.elementor-size-medium{font-size:19px}.elementor-widget-heading .elementor-heading-title.elementor-size-large{font-size:29px}.elementor-widget-heading .elementor-heading-title.elementor-size-xl{font-size:39px}.elementor-widget-heading .elementor-heading-title.elementor-size-xxl{font-size:59px}<\/style><h1 class=\"elementor-heading-title elementor-size-default\">Conseil, diffusion, production <br>&amp; direction artistique <\/h1>\t\t<\/div>\n\t\t\t\t<\/div>\n\t\t<div class=\"elementor-element elementor-element-f110bbb e-flex e-con-boxed e-con e-parent\" data-id=\"f110bbb\" data-element_type=\"container\" data-core-v316-plus=\"true\">\n\t\t\t\t\t<div class=\"e-con-inner\">\n\t\t\t\t<div class=\"elementor-element elementor-element-1079fa8 elementor-widget-divider--view-line elementor-widget elementor-widget-divider\" data-id=\"1079fa8\" data-element_type=\"widget\" data-widget_type=\"divider.default\">\n\t\t\t\t<div class=\"elementor-widget-container\">\n\t\t\t<style>\/*! elementor - v3.20.0 - 26-03-2024 *\/\n.elementor-widget-divider{--divider-border-style:none;--divider-border-width:1px;--divider-color:#0c0d0e;--divider-icon-size:20px;--divider-element-spacing:10px;--divider-pattern-height:24px;--divider-pattern-size:20px;--divider-pattern-url:none;--divider-pattern-repeat:repeat-x}.elementor-widget-divider .elementor-divider{display:flex}.elementor-widget-divider .elementor-divider__text{font-size:15px;line-height:1;max-width:95%}.elementor-widget-divider .elementor-divider__element{margin:0 var(--divider-element-spacing);flex-shrink:0}.elementor-widget-divider .elementor-icon{font-size:var(--divider-icon-size)}.elementor-widget-divider .elementor-divider-separator{display:flex;margin:0;direction:ltr}.elementor-widget-divider--view-line_icon .elementor-divider-separator,.elementor-widget-divider--view-line_text .elementor-divider-separator{align-items:center}.elementor-widget-divider--view-line_icon .elementor-divider-separator:after,.elementor-widget-divider--view-line_icon .elementor-divider-separator:before,.elementor-widget-divider--view-line_text .elementor-divider-separator:after,.elementor-widget-divider--view-line_text .elementor-divider-separator:before{display:block;content:\"\";border-block-end:0;flex-grow:1;border-block-start:var(--divider-border-width) var(--divider-border-style) var(--divider-color)}.elementor-widget-divider--element-align-left .elementor-divider .elementor-divider-separator>.elementor-divider__svg:first-of-type{flex-grow:0;flex-shrink:100}.elementor-widget-divider--element-align-left .elementor-divider-separator:before{content:none}.elementor-widget-divider--element-align-left .elementor-divider__element{margin-left:0}.elementor-widget-divider--element-align-right .elementor-divider .elementor-divider-separator>.elementor-divider__svg:last-of-type{flex-grow:0;flex-shrink:100}.elementor-widget-divider--element-align-right .elementor-divider-separator:after{content:none}.elementor-widget-divider--element-align-right .elementor-divider__element{margin-right:0}.elementor-widget-divider--element-align-start .elementor-divider .elementor-divider-separator>.elementor-divider__svg:first-of-type{flex-grow:0;flex-shrink:100}.elementor-widget-divider--element-align-start .elementor-divider-separator:before{content:none}.elementor-widget-divider--element-align-start .elementor-divider__element{margin-inline-start:0}.elementor-widget-divider--element-align-end .elementor-divider .elementor-divider-separator>.elementor-divider__svg:last-of-type{flex-grow:0;flex-shrink:100}.elementor-widget-divider--element-align-end .elementor-divider-separator:after{content:none}.elementor-widget-divider--element-align-end .elementor-divider__element{margin-inline-end:0}.elementor-widget-divider:not(.elementor-widget-divider--view-line_text):not(.elementor-widget-divider--view-line_icon) .elementor-divider-separator{border-block-start:var(--divider-border-width) var(--divider-border-style) var(--divider-color)}.elementor-widget-divider--separator-type-pattern{--divider-border-style:none}.elementor-widget-divider--separator-type-pattern.elementor-widget-divider--view-line .elementor-divider-separator,.elementor-widget-divider--separator-type-pattern:not(.elementor-widget-divider--view-line) .elementor-divider-separator:after,.elementor-widget-divider--separator-type-pattern:not(.elementor-widget-divider--view-line) .elementor-divider-separator:before,.elementor-widget-divider--separator-type-pattern:not([class*=elementor-widget-divider--view]) .elementor-divider-separator{width:100%;min-height:var(--divider-pattern-height);-webkit-mask-size:var(--divider-pattern-size) 100%;mask-size:var(--divider-pattern-size) 100%;-webkit-mask-repeat:var(--divider-pattern-repeat);mask-repeat:var(--divider-pattern-repeat);background-color:var(--divider-color);-webkit-mask-image:var(--divider-pattern-url);mask-image:var(--divider-pattern-url)}.elementor-widget-divider--no-spacing{--divider-pattern-size:auto}.elementor-widget-divider--bg-round{--divider-pattern-repeat:round}.rtl .elementor-widget-divider .elementor-divider__text{direction:rtl}.e-con-inner>.elementor-widget-divider,.e-con>.elementor-widget-divider{width:var(--container-widget-width,100%);--flex-grow:var(--container-widget-flex-grow)}<\/style>\t\t<div class=\"elementor-divider\">\n\t\t\t<span class=\"elementor-divider-separator\">\n\t\t\t\t\t\t<\/span>\n\t\t<\/div>\n\t\t\t\t<\/div>\n\t\t\t\t<\/div>\n\t\t\t\t<div class=\" elementor-element elementor-element-335489a elementor-widget__width-inherit elementor-widget elementor-widget-text-editor\" data-id=\"335489a\" data-element_type=\"widget\" data-widget_type=\"text-editor.default\">\n\t\t\t\t<div class=\"elementor-widget-container\">\n\t\t\t<style>\/*! elementor - v3.20.0 - 26-03-2024 *\/\n.elementor-widget-text-editor.elementor-drop-cap-view-stacked .elementor-drop-cap{background-color:#69727d;color:#fff}.elementor-widget-text-editor.elementor-drop-cap-view-framed .elementor-drop-cap{color:#69727d;border:3px solid;background-color:transparent}.elementor-widget-text-editor:not(.elementor-drop-cap-view-default) .elementor-drop-cap{margin-top:8px}.elementor-widget-text-editor:not(.elementor-drop-cap-view-default) .elementor-drop-cap-letter{width:1em;height:1em}.elementor-widget-text-editor .elementor-drop-cap{float:left;text-align:center;line-height:1;font-size:50px}.elementor-widget-text-editor .elementor-drop-cap-letter{display:inline-block}<\/style>\t\t\t\t<p>L<span class=\"s2\">\u2019<\/span>Agence Artistique Hugo Panonacle propose des prestations de conseil, diffusion, production et direction artistique. Ces missions s<span class=\"s2\">\u2019<\/span>adressent \u00e0 des structures diverses qui souhaitent cr\u00e9er ou d\u00e9velopper des \u00e9v\u00e9nements en lien avec la musique classique : festivals, salles de concerts, mus\u00e9es, collectivit\u00e9s, entreprises, universit\u00e9s.Du simple conseil en programmation pour une soir\u00e9e priv\u00e9e \u00e0 l<span class=\"s2\">\u2019<\/span>organisation globale d<span class=\"s2\">\u2019<\/span>un festival, l<span class=\"s2\">\u2019<\/span>agence s<span class=\"s2\">\u2019<\/span>adapte aux souhaits et aux besoins de chaque interlocuteur.<br \/><br \/>Quelques id\u00e9es de prestations que l\u2019agence peut r\u00e9aliser :<\/p><ul class=\"ul1\"><li style=\"list-style-type: none;\"><ul class=\"ul1\"><li class=\"li1\"><p><i><\/i>Un propri\u00e9taire priv\u00e9 souhaite programmer un week-end musical pour valoriser son ch\u00e2teau \u00e0 l<span class=\"s2\">\u2019<\/span>occasion des Journ\u00e9es du patrimoine\u00a0<\/p><\/li><li class=\"li1\"><p>Un quatuor \u00e0 cordes s\u2019associe \u00e0 une soci\u00e9taire de la Com\u00e9die Fran\u00e7aise autour d\u2019un projet musique et litt\u00e9rature et cherche \u00e0 faire tourner le spectacle<\/p><\/li><li class=\"li1\"><p>Une entreprise souhaite organiser une s\u00e9rie de concerts pour r\u00e9unir ses collaborateurs autour de moments conviviaux<\/p><\/li><li class=\"li1\"><p>Un mus\u00e9e souhaite associer des interm\u00e8des musicaux au vernissage d<span class=\"s2\">\u2019<\/span>une exposition<\/p><\/li><li class=\"li1\"><p>Une jeune pianiste cherche un accompagnement artistique et commercial pour l\u2019enregistrement de son premier album\u00a0<\/p><\/li><li class=\"li1\"><p>Une station baln\u00e9aire souhaite cr\u00e9er un festival de musique de chambre pour dynamiser son territoire en dehors de la pleine saison<\/p><\/li><\/ul><\/li><\/ul>\t\t\t\t\t\t<\/div>\n\t\t\t\t<\/div>\n\t\t\t\t\t<\/div>\n\t\t\t\t<\/div>\n\t\t\t\t\t<\/div>\n\t\t<\/div>\n\t\t\t\t\t<\/div>\n\t\t<\/section>\n\t\t\t\t<\/div>\n\t\t","protected":false},"excerpt":{"rendered":"<p>Conseil, diffusion, production &amp; direction artistique L\u2019Agence Artistique Hugo Panonacle propose des prestations de conseil, diffusion, production et direction artistique. Ces missions s\u2019adressent \u00e0 des structures diverses qui souhaitent cr\u00e9er ou d\u00e9velopper des \u00e9v\u00e9nements en lien avec la musique classique : festivals, salles de concerts, mus\u00e9es, collectivit\u00e9s, entreprises, universit\u00e9s.Du simple conseil en programmation pour une&#8230;<\/p>\n<p><a rel=\"bookmark\" class=\"theme-button-text wolf-core-button wolf-core-button-size-lg\" href=\"https:\/\/www.hugopanonacle.fr\/fr\/conseil-et-direction-artistique\/\"><span>Continue reading<\/span><\/a><\/p>\n","protected":false},"author":1,"featured_media":0,"parent":0,"menu_order":0,"comment_status":"closed","ping_status":"closed","template":"","meta":{"om_disable_all_campaigns":false,"_monsterinsights_skip_tracking":false,"_monsterinsights_sitenote_active":false,"_monsterinsights_sitenote_note":"","_monsterinsights_sitenote_category":0,"_themeisle_gutenberg_block_has_review":false,"footnotes":""},"type_artiste":[],"instrument":[],"artiste":[],"type_page":[],"class_list":{"0":"post-5137","1":"page","2":"type-page","3":"status-publish","4":"hentry","5":"entry","6":"clearfix","7":"entry-grid","8":"entry-columns-default","9":"entry-page-module-layout-standard","10":"no-post-thumbnail","11":"entry-page","13":"entry-page-grid"},"aioseo_notices":[],"rttpg_featured_image_url":null,"rttpg_author":{"display_name":"hugo.panonacle","author_link":"https:\/\/www.hugopanonacle.fr\/fr\/author\/hugo-panonacle\/"},"rttpg_comment":0,"rttpg_category":false,"rttpg_excerpt":"Conseil, diffusion, production &amp; direction artistique L\u2019Agence Artistique Hugo Panonacle propose des prestations de conseil, diffusion, production et direction artistique. Ces missions s\u2019adressent \u00e0 des structures diverses qui souhaitent cr\u00e9er ou d\u00e9velopper des \u00e9v\u00e9nements en lien avec la musique classique : festivals, salles de concerts, mus\u00e9es, collectivit\u00e9s, entreprises, universit\u00e9s.Du simple conseil en programmation pour une...Continue\u2026","_links":{"self":[{"href":"https:\/\/www.hugopanonacle.fr\/fr\/wp-json\/wp\/v2\/pages\/5137","targetHints":{"allow":["GET"]}}],"collection":[{"href":"https:\/\/www.hugopanonacle.fr\/fr\/wp-json\/wp\/v2\/pages"}],"about":[{"href":"https:\/\/www.hugopanonacle.fr\/fr\/wp-json\/wp\/v2\/types\/page"}],"author":[{"embeddable":true,"href":"https:\/\/www.hugopanonacle.fr\/fr\/wp-json\/wp\/v2\/users\/1"}],"replies":[{"embeddable":true,"href":"https:\/\/www.hugopanonacle.fr\/fr\/wp-json\/wp\/v2\/comments?post=5137"}],"version-history":[{"count":45,"href":"https:\/\/www.hugopanonacle.fr\/fr\/wp-json\/wp\/v2\/pages\/5137\/revisions"}],"predecessor-version":[{"id":10070,"href":"https:\/\/www.hugopanonacle.fr\/fr\/wp-json\/wp\/v2\/pages\/5137\/revisions\/10070"}],"wp:attachment":[{"href":"https:\/\/www.hugopanonacle.fr\/fr\/wp-json\/wp\/v2\/media?parent=5137"}],"wp:term":[{"taxonomy":"type_artiste","embeddable":true,"href":"https:\/\/www.hugopanonacle.fr\/fr\/wp-json\/wp\/v2\/type_artiste?post=5137"},{"taxonomy":"instrument","embeddable":true,"href":"https:\/\/www.hugopanonacle.fr\/fr\/wp-json\/wp\/v2\/instrument?post=5137"},{"taxonomy":"artiste","embeddable":true,"href":"https:\/\/www.hugopanonacle.fr\/fr\/wp-json\/wp\/v2\/artiste?post=5137"},{"taxonomy":"type_page","embeddable":true,"href":"https:\/\/www.hugopanonacle.fr\/fr\/wp-json\/wp\/v2\/type_page?post=5137"}],"curies":[{"name":"wp","href":"https:\/\/api.w.org\/{rel}","templated":true}]}}