{"id":9628,"date":"2026-01-12T18:46:42","date_gmt":"2026-01-12T17:46:42","guid":{"rendered":"https:\/\/www.hugopanonacle.fr\/?page_id=9628"},"modified":"2026-01-16T19:41:12","modified_gmt":"2026-01-16T18:41:12","slug":"signature","status":"publish","type":"page","link":"https:\/\/www.hugopanonacle.fr\/fr\/signature\/","title":{"rendered":"Signature"},"content":{"rendered":"\t\t<div data-elementor-type=\"wp-page\" data-elementor-id=\"9628\" class=\"elementor elementor-9628\">\n\t\t\t\t<div class=\"elementor-element elementor-element-8ee0f06 e-flex e-con-boxed e-con e-parent\" data-id=\"8ee0f06\" data-element_type=\"container\" data-core-v316-plus=\"true\">\n\t\t\t\t\t<div class=\"e-con-inner\">\n\t\t\t\t<div class=\"elementor-element elementor-element-9e4b86f elementor-widget elementor-widget-html\" data-id=\"9e4b86f\" data-element_type=\"widget\" data-widget_type=\"html.default\">\n\t\t\t\t<div class=\"elementor-widget-container\">\n\t\t\t<div class=\"back-button-container\">\n  <a href=\"\/evenements\" class=\"back-button\">D\u00c9COUVRIR NOS AUTRES OFFRES<\/a>\n<\/div>\n\n<style>\n.back-button-container {\n  text-align: center;\n  padding: 60px 20px;\n  margin: 40px 0;\n}\n\n.back-button {\n  display: inline-block;\n  padding: 18px 45px;\n  background-color: #1919a6;\n  color: #ffffff;\n  text-align: center;\n  text-decoration: none;\n  font-weight: 600;\n  font-size: 18px;\n  letter-spacing: 1px;\n  border-radius: 8px;\n  transition: all 0.3s ease;\n  font-family: 'Poppins', sans-serif;\n  text-transform: uppercase;\n  border: 2px solid #1919a6;\n  box-shadow: 0 4px 15px rgba(25, 25, 166, 0.2);\n}\n\n.back-button:hover {\n  background-color: transparent;\n  color: #1919a6;\n  border: 2px solid #1919a6;\n  transform: translateY(-3px);\n  box-shadow: 0 6px 20px rgba(25, 25, 166, 0.3);\n}\n\n\/* Mobile *\/\n@media (max-width: 768px) {\n  .back-button-container {\n    padding: 40px 20px;\n    margin: 30px 0;\n  }\n  \n  .back-button {\n    font-size: 16px;\n    padding: 16px 35px;\n    width: 100%;\n    max-width: 320px;\n  }\n}\n<\/style>\t\t<\/div>\n\t\t\t\t<\/div>\n\t\t\t\t\t<\/div>\n\t\t\t\t<\/div>\n\t\t<div class=\"elementor-element elementor-element-0bfb87f e-con-full e-flex e-con e-parent\" data-id=\"0bfb87f\" data-element_type=\"container\" data-core-v316-plus=\"true\">\n\t\t\t\t<div class=\"elementor-element elementor-element-0db54a7 elementor-widget elementor-widget-html\" data-id=\"0db54a7\" data-element_type=\"widget\" data-widget_type=\"html.default\">\n\t\t\t\t<div class=\"elementor-widget-container\">\n\t\t\t<div class=\"essentiel-container\">\n  <div class=\"essentiel-left\">\n   \n    \n    <div class=\"content-block\">\n      <h2 class=\"block-title\">Pour Qui ?<\/h2>\n      <ul class=\"bullet-list\">\n        <li>Lieux embl\u00e9matiques (mus\u00e9es, th\u00e9\u00e2tres, monuments historiques)<\/li>\n        <li>\u00c9v\u00e9nements haut de gamme, lancements de marques ou de produit<\/li>\n        <li>Projets m\u00e9diatiques<\/li>\n        <li>Soir\u00e9es clients et \u00e9v\u00e9nements premium<\/li>\n        <li>Soir\u00e9es d'entreprise<\/li>\n      <\/ul>\n    <\/div>\n    \n    <div class=\"content-block\">\n    \n    <\/div>\n  <\/div>\n  \n  <div class=\"essentiel-right\">\n    <h2 class=\"right-title\">CE QUE NOUS PROPOSONS<\/h2>\n    \n    <ul class=\"right-bullet-list\">\n      <li>Concept artistique fort et trame narrative originale<\/li>\n      <li>Direction artistique : s\u00e9lection d'artistes de renomm\u00e9e nationale et choix du r\u00e9pertoire<\/li>\n      <li>Production ex\u00e9cutive compl\u00e8te : gestion juridique, administrative et logistique<\/li>\n      <li>Gestion en direct des discussions avec le lieu d'accueil de l'\u00e9v\u00e9nement<\/li>\n      <li>Cr\u00e9ation d'une identit\u00e9 visuelle sp\u00e9cifique pour l'\u00e9v\u00e9nement et ses d\u00e9clinaisons par le directeur image de l'agence : carton d'invitation, teaser, visuels pour les r\u00e9seaux sociaux...<\/li>\n    <\/ul>\n    \n  <\/div>\n<\/div>\n\n<style>\n.essentiel-container {\n  display: flex;\n  width: 100%;\n  min-height: 600px;\n}\n\n\/* LEFT SIDE - WHITE BACKGROUND, BLACK TEXT *\/\n.essentiel-left {\n  flex: 1;\n  background-color: #ffffff;\n  padding: 80px 60px;\n  color: #000000;\n}\n\n.section-title {\n  font-size: 64px !important;\n  font-weight: 700 !important;\n  color: #000000 !important;\n  margin: 0 0 60px 0 !important;\n  font-family: 'The Seasons', serif !important;\n  line-height: 1.1 !important;\n}\n\n.content-block {\n  margin-bottom: 50px;\n}\n\n.block-title {\n  font-size: 32px !important;\n  font-weight: 700 !important;\n  color: #000000 !important;\n  margin: 0 0 25px 0 !important;\n  font-family: 'Poppins', sans-serif !important;\n}\n\n.bullet-list {\n  list-style: disc !important;\n  list-style-position: outside !important;\n  padding-left: 25px !important;\n  margin: 0 !important;\n}\n\n.bullet-list li {\n  font-size: 20px !important;\n  line-height: 1.8 !important;\n  color: #000000 !important;\n  margin-bottom: 12px !important;\n  font-family: 'Poppins', sans-serif !important;\n  font-weight: 400 !important;\n}\n\n.text-content {\n  font-size: 20px !important;\n  color: #000000 !important;\n  font-weight: 400 !important;\n  margin: 0 !important;\n  font-family: 'Poppins', sans-serif !important;\n}\n\n\/* RIGHT SIDE - BLUE BACKGROUND, WHITE TEXT *\/\n.essentiel-right {\n  flex: 1;\n  background-color: #1919a6;\n  padding: 80px 60px;\n  color: #ffffff;\n}\n\n.right-title {\n  font-size: 32px !important;\n  font-weight: 700 !important;\n  color: #ffffff !important;\n  margin: 0 0 25px 0 !important;\n  font-family: 'Poppins', sans-serif !important;\n  line-height: 1.2 !important;\n  letter-spacing: 2px !important;\n}\n\n.right-bullet-list {\n  list-style: disc !important;\n  list-style-position: outside !important;\n  padding-left: 25px !important;\n  margin: 0 0 30px 0 !important;\n}\n\n.right-bullet-list li {\n  font-size: 20px !important;\n  line-height: 1.8 !important;\n  color: #ffffff !important;\n  margin-bottom: 12px !important;\n  font-family: 'Poppins', sans-serif !important;\n  font-weight: 400 !important;\n}\n\n\n.white-logo {\n  max-width: 150px;\n  height: auto;\n}\n\n\/* MOBILE - STACK VERTICALLY *\/\n@media (max-width: 1024px) {\n  .essentiel-container {\n    flex-direction: column;\n  }\n  \n  .essentiel-left,\n  .essentiel-right {\n    padding: 60px 40px;\n  }\n  \n  .section-title {\n    font-size: 48px !important;\n  }\n  \n  .block-title,\n  .right-title {\n    font-size: 28px !important;\n  }\n  \n  .bullet-list li,\n  .right-bullet-list li,\n  .text-content {\n    font-size: 18px !important;\n  }\n  \n  .logo-container {\n    text-align: center;\n  }\n}\n\n@media (max-width: 768px) {\n  .essentiel-left,\n  .essentiel-right {\n    padding: 50px 30px;\n  }\n  \n  .section-title {\n    font-size: 42px !important;\n    margin-bottom: 40px !important;\n  }\n  \n  .block-title,\n  .right-title {\n    font-size: 24px !important;\n  }\n  \n  .bullet-list li,\n  .right-bullet-list li,\n  .text-content {\n    font-size: 16px !important;\n  }\n}\n<\/style>\t\t<\/div>\n\t\t\t\t<\/div>\n\t\t\t\t<\/div>\n\t\t<div class=\"elementor-element elementor-element-73627ec e-flex e-con-boxed e-con e-parent\" data-id=\"73627ec\" data-element_type=\"container\" data-core-v316-plus=\"true\">\n\t\t\t\t\t<div class=\"e-con-inner\">\n\t\t\t\t<div class=\"elementor-element elementor-element-90827ef elementor-widget elementor-widget-spacer\" data-id=\"90827ef\" data-element_type=\"widget\" data-widget_type=\"spacer.default\">\n\t\t\t\t<div class=\"elementor-widget-container\">\n\t\t\t<style>\/*! elementor - v3.20.0 - 26-03-2024 *\/\n.elementor-column .elementor-spacer-inner{height:var(--spacer-size)}.e-con{--container-widget-width:100%}.e-con-inner>.elementor-widget-spacer,.e-con>.elementor-widget-spacer{width:var(--container-widget-width,var(--spacer-size));--align-self:var(--container-widget-align-self,initial);--flex-shrink:0}.e-con-inner>.elementor-widget-spacer>.elementor-widget-container,.e-con>.elementor-widget-spacer>.elementor-widget-container{height:100%;width:100%}.e-con-inner>.elementor-widget-spacer>.elementor-widget-container>.elementor-spacer,.e-con>.elementor-widget-spacer>.elementor-widget-container>.elementor-spacer{height:100%}.e-con-inner>.elementor-widget-spacer>.elementor-widget-container>.elementor-spacer>.elementor-spacer-inner,.e-con>.elementor-widget-spacer>.elementor-widget-container>.elementor-spacer>.elementor-spacer-inner{height:var(--container-widget-height,var(--spacer-size))}.e-con-inner>.elementor-widget-spacer.elementor-widget-empty,.e-con>.elementor-widget-spacer.elementor-widget-empty{position:relative;min-height:22px;min-width:22px}.e-con-inner>.elementor-widget-spacer.elementor-widget-empty .elementor-widget-empty-icon,.e-con>.elementor-widget-spacer.elementor-widget-empty .elementor-widget-empty-icon{position:absolute;top:0;bottom:0;left:0;right:0;margin:auto;padding:0;width:22px;height:22px}<\/style>\t\t<div class=\"elementor-spacer\">\n\t\t\t<div class=\"elementor-spacer-inner\"><\/div>\n\t\t<\/div>\n\t\t\t\t<\/div>\n\t\t\t\t<\/div>\n\t\t\t\t\t<\/div>\n\t\t\t\t<\/div>\n\t\t\t\t<\/div>\n\t\t","protected":false},"excerpt":{"rendered":"<p>D\u00c9COUVRIR NOS AUTRES OFFRES Pour Qui ? Lieux embl\u00e9matiques (mus\u00e9es, th\u00e9\u00e2tres, monuments historiques) \u00c9v\u00e9nements haut de gamme, lancements de marques ou de produit Projets m\u00e9diatiques Soir\u00e9es clients et \u00e9v\u00e9nements premium Soir\u00e9es d&#8217;entreprise CE QUE NOUS PROPOSONS Concept artistique fort et trame narrative originale Direction artistique : s\u00e9lection d&#8217;artistes de renomm\u00e9e nationale et choix du r\u00e9pertoire&#8230;<\/p>\n<p><a rel=\"bookmark\" class=\"theme-button-text wolf-core-button wolf-core-button-size-lg\" href=\"https:\/\/www.hugopanonacle.fr\/fr\/signature\/\"><span>Continue reading<\/span><\/a><\/p>\n","protected":false},"author":1,"featured_media":0,"parent":0,"menu_order":0,"comment_status":"closed","ping_status":"closed","template":"","meta":{"om_disable_all_campaigns":false,"_monsterinsights_skip_tracking":false,"_monsterinsights_sitenote_active":false,"_monsterinsights_sitenote_note":"","_monsterinsights_sitenote_category":0,"_themeisle_gutenberg_block_has_review":false,"footnotes":""},"type_artiste":[],"instrument":[],"artiste":[],"type_page":[],"class_list":{"0":"post-9628","1":"page","2":"type-page","3":"status-publish","4":"hentry","5":"entry","6":"clearfix","7":"entry-grid","8":"entry-columns-default","9":"entry-page-module-layout-standard","10":"no-post-thumbnail","11":"entry-page","13":"entry-page-grid"},"aioseo_notices":[],"rttpg_featured_image_url":null,"rttpg_author":{"display_name":"hugo.panonacle","author_link":"https:\/\/www.hugopanonacle.fr\/fr\/author\/hugo-panonacle\/"},"rttpg_comment":0,"rttpg_category":false,"rttpg_excerpt":"D\u00c9COUVRIR NOS AUTRES OFFRES Pour Qui ? Lieux embl\u00e9matiques (mus\u00e9es, th\u00e9\u00e2tres, monuments historiques) \u00c9v\u00e9nements haut de gamme, lancements de marques ou de produit Projets m\u00e9diatiques Soir\u00e9es clients et \u00e9v\u00e9nements premium Soir\u00e9es d&#8217;entreprise CE QUE NOUS PROPOSONS Concept artistique fort et trame narrative originale Direction artistique : s\u00e9lection d&#8217;artistes de renomm\u00e9e nationale et choix du r\u00e9pertoire...Continue\u2026","_links":{"self":[{"href":"https:\/\/www.hugopanonacle.fr\/fr\/wp-json\/wp\/v2\/pages\/9628","targetHints":{"allow":["GET"]}}],"collection":[{"href":"https:\/\/www.hugopanonacle.fr\/fr\/wp-json\/wp\/v2\/pages"}],"about":[{"href":"https:\/\/www.hugopanonacle.fr\/fr\/wp-json\/wp\/v2\/types\/page"}],"author":[{"embeddable":true,"href":"https:\/\/www.hugopanonacle.fr\/fr\/wp-json\/wp\/v2\/users\/1"}],"replies":[{"embeddable":true,"href":"https:\/\/www.hugopanonacle.fr\/fr\/wp-json\/wp\/v2\/comments?post=9628"}],"version-history":[{"count":19,"href":"https:\/\/www.hugopanonacle.fr\/fr\/wp-json\/wp\/v2\/pages\/9628\/revisions"}],"predecessor-version":[{"id":9775,"href":"https:\/\/www.hugopanonacle.fr\/fr\/wp-json\/wp\/v2\/pages\/9628\/revisions\/9775"}],"wp:attachment":[{"href":"https:\/\/www.hugopanonacle.fr\/fr\/wp-json\/wp\/v2\/media?parent=9628"}],"wp:term":[{"taxonomy":"type_artiste","embeddable":true,"href":"https:\/\/www.hugopanonacle.fr\/fr\/wp-json\/wp\/v2\/type_artiste?post=9628"},{"taxonomy":"instrument","embeddable":true,"href":"https:\/\/www.hugopanonacle.fr\/fr\/wp-json\/wp\/v2\/instrument?post=9628"},{"taxonomy":"artiste","embeddable":true,"href":"https:\/\/www.hugopanonacle.fr\/fr\/wp-json\/wp\/v2\/artiste?post=9628"},{"taxonomy":"type_page","embeddable":true,"href":"https:\/\/www.hugopanonacle.fr\/fr\/wp-json\/wp\/v2\/type_page?post=9628"}],"curies":[{"name":"wp","href":"https:\/\/api.w.org\/{rel}","templated":true}]}}